{"id":165,"date":"2019-03-18T09:39:39","date_gmt":"2019-03-18T06:39:39","guid":{"rendered":"https:\/\/promo-theme.com\/luxa\/?page_id=165"},"modified":"2025-07-25T05:16:06","modified_gmt":"2025-07-25T05:16:06","slug":"team","status":"publish","type":"page","link":"https:\/\/anigami.studio\/en\/team\/","title":{"rendered":"Our Team"},"content":{"rendered":"<div data-vc-full-width=\"true\" data-vc-full-width-init=\"false\" data-vc-stretch-content=\"true\" class=\"vc_row wpb_row vc_row-fluid vc_row-5c9cae5cf4b50 vc_row-no-padding\"><div class=\"wpb_column vc_column_container vc_col-sm-12\"><div class=\"vc_column-inner\" style=\"  \"><div class=\"wpb_wrapper\">    <section class=\"banner-area banner-area-5c9cadf8f745e bsl-left\">\n              <div class=\"banner-social-links\">\n          <div class=\"social-links\"><a href=\"https:\/\/www.facebook.com\/ignuscorp\"><span>fb<\/span><span>Facebook<\/span><\/a><a href=\"https:\/\/twitter.com\/ignuscorp\"><span>tw<\/span><span>Twitter<\/span><\/a><a href=\"https:\/\/www.instagram.com\/ignuscorp\/\"><span>in<\/span><span>Instagram<\/span><\/a><a href=\"https:\/\/www.linkedin.com\/company\/ignuscorp\"><span>li<\/span><span>LinkedIn<\/span><\/a><a href=\"https:\/\/api.whatsapp.com\/send?phone=523319304206\"><span>wa<\/span><span>Whatsapp<\/span><\/a><\/div>\n        <\/div>\n            <div class=\"banner-item tar\" style=\"background-image: url(https:\/\/anigami.studio\/wp-content\/uploads\/2021\/02\/banner-soluciones-scaled.jpg);\">\n        \n    <div class=\"bg-overlay\">\n          <\/div>\n\n            <div class=\"container\">\n          <div class=\"row align-items-center fixed-height\" style=\"height: 575px;\">\n            <div class=\"col\">\n                              <div class=\"heading-block tar\">\n                                      <h2 class=\"h\">Meet your on-demand agency with over <span>20 years<\/span> of experience, powered by <span>AI<\/span>.<\/h2>\n                                  <\/div>\n                              <a class=\"button-style1\" href=\"https:\/\/anigami.studio\/en\/imajin\/\" target=\"_self\"><span class=\"d\"><span><\/span><\/span><span>Request a service<\/span><\/a>\n                          <\/div>\n          <\/div>\n        <\/div>\n      <\/div>\n    <\/section>\n    <\/div><\/div><\/div><\/div><div class=\"vc_row-full-width vc_clearfix\"><\/div><div class=\"vc_row wpb_row vc_row-fluid vc_row-\"><div class=\"wpb_column vc_column_container vc_col-sm-12\"><div class=\"vc_column-inner\" style=\"  \"><div class=\"wpb_wrapper\"><div class=\"vc_empty_space\"   style=\"height: 50px\"><span class=\"vc_empty_space_inner\"><\/span><\/div>      <div class=\"heading-block heading-6046c85be2fd5 tal h-h4 with-bottom-line\">\n                  <h4 class=\"h\">EXECUTIVE TEAM<\/h4>\n              <\/div>\n        <div class=\"team-carousel team-carousel-6046c8206f1d5\">\n          <div class=\"team-item team-item-6046c8763f182\">\n      <div class=\"image\" style=\"background-image: url(https:\/\/anigami.studio\/wp-content\/uploads\/2025\/07\/tlaca-neon-e1753170026416-817x1024.png);\">\n                  <div class=\"social-links\"><a href=\"https:\/\/www.linkedin.com\/in\/masterkitano\/\"><i class=\"fab fa-linkedin-in\"><\/i><\/a><\/div>\n              <\/div>\n      <div class=\"bottom\">\n                  <div class=\"name\">Tlaca\u00e9lel Prado<\/div>\n                  <div class=\"post\">CEO<br \/>\nFounder<\/div>\n              <\/div>\n    <\/div>\n        <div class=\"team-item team-item-6046c8ef88cdf\">\n      <div class=\"image\" style=\"background-image: url(https:\/\/anigami.studio\/wp-content\/uploads\/2025\/07\/alex-e1752977816402-914x1024.png);\">\n              <\/div>\n      <div class=\"bottom\">\n                  <div class=\"name\">Alejandro Hellmund<\/div>\n                  <div class=\"post\">CFO<br \/>\nCOO<\/div>\n              <\/div>\n    <\/div>\n        <div class=\"team-item team-item-61765e07486bc\">\n      <div class=\"image\" style=\"background-image: url(https:\/\/anigami.studio\/wp-content\/uploads\/2025\/07\/carlos-e1752968575260-1024x777.png);\">\n              <\/div>\n      <div class=\"bottom\">\n                  <div class=\"name\">Carlos Rivera<\/div>\n                  <div class=\"post\">CTO<\/div>\n              <\/div>\n    <\/div>\n        <div class=\"team-item team-item-686bb5839fad0\">\n      <div class=\"image\" style=\"background-image: url(https:\/\/anigami.studio\/wp-content\/uploads\/2025\/07\/diana-e1752967928397-905x1024.png);\">\n              <\/div>\n      <div class=\"bottom\">\n                  <div class=\"name\">Diana Jasso<\/div>\n                  <div class=\"post\">RH &amp; Accounting<\/div>\n              <\/div>\n    <\/div>\n        <\/div>\n    <\/div><\/div><\/div><\/div><div class=\"vc_row wpb_row vc_row-fluid vc_row-\"><div class=\"wpb_column vc_column_container vc_col-sm-12\"><div class=\"vc_column-inner\" style=\"  \"><div class=\"wpb_wrapper\">      <div class=\"heading-block heading-6046ca2e8e518 tal h-h4 with-bottom-line\">\n                  <h4 class=\"h\">CORE TEAM<\/h4>\n              <\/div>\n    \n\t<div class=\"wpb_text_column wpb_content_element\" >\n\t\t<div class=\"wpb_wrapper\">\n\t\t\t<p><span style=\"font-size: 20px;\">In charge of training and coordinating our AI agents, overseeing the IMAJIN team, and ensuring every project is a success.<\/span><\/p>\n\n\t\t<\/div>\n\t<\/div>\n    <div class=\"team-carousel team-carousel-6046cbdbe7de1\">\n          <div class=\"team-item team-item-6046ca9809188\">\n      <div class=\"image\" style=\"background-image: url(https:\/\/anigami.studio\/wp-content\/uploads\/2025\/07\/daniel-1-e1753072472772-846x1024.png);\">\n              <\/div>\n      <div class=\"bottom\">\n                  <div class=\"name\">Eduardo Daniel Mart\u00ednez Cesta<\/div>\n                  <div class=\"post\">Lead Developer<\/div>\n              <\/div>\n    <\/div>\n        <div class=\"team-item team-item-6046ca513e384\">\n      <div class=\"image\" style=\"background-image: url(https:\/\/anigami.studio\/wp-content\/uploads\/2025\/07\/christian-2-e1753117547344-1002x1024.png);\">\n              <\/div>\n      <div class=\"bottom\">\n                  <div class=\"name\">Christian Haro<\/div>\n                  <div class=\"post\">Senior Developer<br \/>\nSW Architect<\/div>\n              <\/div>\n    <\/div>\n        <div class=\"team-item team-item-6046ca5f70272\">\n      <div class=\"image\" style=\"background-image: url(https:\/\/anigami.studio\/wp-content\/uploads\/2025\/07\/marco-e1753075075978-877x1024.png);\">\n              <\/div>\n      <div class=\"bottom\">\n                  <div class=\"name\">Marco C\u00e1rdenas<\/div>\n                  <div class=\"post\">Fullstack Developer<br \/>\nDevOps<\/div>\n              <\/div>\n    <\/div>\n        <div class=\"team-item team-item-6046ca6fa71be\">\n      <div class=\"image\" style=\"background-image: url(https:\/\/anigami.studio\/wp-content\/uploads\/2025\/07\/jorge-1-e1752969845638-908x1024.png);\">\n              <\/div>\n      <div class=\"bottom\">\n                  <div class=\"name\">Jorge Ortiz<\/div>\n                  <div class=\"post\">Zoho Developer<br \/>\nFinancial Specialist<\/div>\n              <\/div>\n    <\/div>\n        <div class=\"team-item team-item-621208382b0bd\">\n      <div class=\"image\" style=\"background-image: url(https:\/\/anigami.studio\/wp-content\/uploads\/2025\/07\/shalem-e1752976401677-1014x1024.png);\">\n              <\/div>\n      <div class=\"bottom\">\n                  <div class=\"name\">Shalem Ortega<\/div>\n                  <div class=\"post\">Frontend Developer<\/div>\n              <\/div>\n    <\/div>\n        <div class=\"team-item team-item-6046cb718a10d\">\n      <div class=\"image\" style=\"background-image: url(https:\/\/anigami.studio\/wp-content\/uploads\/2025\/07\/jose-1-e1753087616317-904x1024.png);\">\n              <\/div>\n      <div class=\"bottom\">\n                  <div class=\"name\">Jos\u00e9 Prado<\/div>\n                  <div class=\"post\">Creative media production<\/div>\n              <\/div>\n    <\/div>\n        <div class=\"team-item team-item-6046cb5ade315\">\n      <div class=\"image\" style=\"background-image: url(https:\/\/anigami.studio\/wp-content\/uploads\/2025\/07\/noe-e1753047055500-807x1024.png);\">\n              <\/div>\n      <div class=\"bottom\">\n                  <div class=\"name\">Noe Manzano<\/div>\n                  <div class=\"post\">Marketing Specialist<\/div>\n              <\/div>\n    <\/div>\n        <\/div>\n    <\/div><\/div><\/div><\/div><div class=\"vc_row wpb_row vc_row-fluid vc_row-\"><div class=\"wpb_column vc_column_container vc_col-sm-12\"><div class=\"vc_column-inner\" style=\"  \"><div class=\"wpb_wrapper\">      <div class=\"heading-block heading-686bb62091f9b tal h-h4 with-bottom-line\">\n                  <h4 class=\"h\">AI AGENTS TEAM<\/h4>\n              <\/div>\n    \n\t<div class=\"wpb_text_column wpb_content_element\" >\n\t\t<div class=\"wpb_wrapper\">\n\t\t\t<p><span style=\"font-size: 20px;\">Our team of specialized AI agents, available 24\/7 for your project.<\/span><\/p>\n\n\t\t<\/div>\n\t<\/div>\n    <div class=\"team-carousel team-carousel-\">\n          <div class=\"team-item team-item-686bb8e25cb29\">\n      <div class=\"image\" style=\"background-image: url(https:\/\/anigami.studio\/wp-content\/uploads\/2025\/07\/talkie-2-854x1024.png);\">\n              <\/div>\n      <div class=\"bottom\">\n                  <div class=\"name\">Talkie<\/div>\n                  <div class=\"post\">Answering Questions<br \/>\nClarifying Ideas<\/div>\n              <\/div>\n    <\/div>\n        <div class=\"team-item team-item-686bb7171b1fd\">\n      <div class=\"image\" style=\"background-image: url(https:\/\/anigami.studio\/wp-content\/uploads\/2025\/07\/navia.png);\">\n              <\/div>\n      <div class=\"bottom\">\n                  <div class=\"name\">Navia<\/div>\n                  <div class=\"post\">Navigate and browse your apps<br \/>\nExtracting and visualizing data<\/div>\n              <\/div>\n    <\/div>\n        <div class=\"team-item team-item-686bb8fbc3403\">\n      <div class=\"image\" style=\"background-image: url(https:\/\/anigami.studio\/wp-content\/uploads\/2025\/07\/requira.png);\">\n              <\/div>\n      <div class=\"bottom\">\n                  <div class=\"name\">Requira<\/div>\n                  <div class=\"post\">Business and Systems Analyst<br \/>\nCapture business requirements<\/div>\n              <\/div>\n    <\/div>\n        <div class=\"team-item team-item-686bb901a2410\">\n      <div class=\"image\" style=\"background-image: url(https:\/\/anigami.studio\/wp-content\/uploads\/2025\/07\/stratego.png);\">\n              <\/div>\n      <div class=\"bottom\">\n                  <div class=\"name\">Stratego<\/div>\n                  <div class=\"post\">Automated project planning and management<\/div>\n              <\/div>\n    <\/div>\n        <div class=\"team-item team-item-686bb913d50fe\">\n      <div class=\"image\" style=\"background-image: url(https:\/\/anigami.studio\/wp-content\/uploads\/2025\/07\/arkitech-e1753097067756-896x1024.png);\">\n              <\/div>\n      <div class=\"bottom\">\n                  <div class=\"name\">Arkitech<\/div>\n                  <div class=\"post\">Software Architect<br \/>\nCapture technical requirements<\/div>\n              <\/div>\n    <\/div>\n        <div class=\"team-item team-item-686bb9258c06c\">\n      <div class=\"image\" style=\"background-image: url(https:\/\/anigami.studio\/wp-content\/uploads\/2025\/07\/scaffor-2-1-e1753172847781-955x1024.png);\">\n              <\/div>\n      <div class=\"bottom\">\n                  <div class=\"name\">Scaffor<\/div>\n                  <div class=\"post\">Robust component and code generator<\/div>\n              <\/div>\n    <\/div>\n        <\/div>\n    \n\t<div class=\"wpb_text_column wpb_content_element\" >\n\t\t<div class=\"wpb_wrapper\">\n\t\t\t<p><span style=\"font-size: 18px;\">More specialized agents will be available soon, including autonomous agents that operate in the background for application development, task execution, and process automation.<\/span><\/p>\n\n\t\t<\/div>\n\t<\/div>\n<\/div><\/div><\/div><\/div><div class=\"vc_row wpb_row vc_row-fluid vc_row-\"><div class=\"wpb_column vc_column_container vc_col-sm-12\"><div class=\"vc_column-inner\" style=\"  \"><div class=\"wpb_wrapper\">      <div class=\"heading-block heading- tal h-h4 with-bottom-line\">\n                  <h4 class=\"h\">IMAJIN TEAM<\/h4>\n              <\/div>\n    \n\t<div class=\"wpb_text_column wpb_content_element\" >\n\t\t<div class=\"wpb_wrapper\">\n\t\t\t<p><span style=\"font-size: 20px;\">Over 20 highly skilled technical specialists in various technologies, ready to work on your project.<\/span><\/p>\n\n\t\t<\/div>\n\t<\/div>\n    <div class=\"team-carousel team-carousel-\">\n          <div class=\"team-item team-item-687e79d0c4751\">\n      <div class=\"image\" style=\"background-image: url(https:\/\/anigami.studio\/wp-content\/uploads\/2025\/07\/imajin-team-1-e1753119104348-838x1024.png);\">\n              <\/div>\n      <div class=\"bottom\">\n                  <div class=\"name\">Frontend<\/div>\n                  <div class=\"post\">React JS<br \/>\nAngular<br \/>\nDjango<\/div>\n              <\/div>\n    <\/div>\n        <div class=\"team-item team-item-687e8a3c75e1d\">\n      <div class=\"image\" style=\"background-image: url(https:\/\/anigami.studio\/wp-content\/uploads\/2025\/07\/imajin-team-3-2-1024x940.png);\">\n              <\/div>\n      <div class=\"bottom\">\n                  <div class=\"name\">Backend<\/div>\n                  <div class=\"post\">NextJS<br \/>\nPHP Laravel<br \/>\nRuby<\/div>\n              <\/div>\n    <\/div>\n        <div class=\"team-item team-item-687e7e1cf1201\">\n      <div class=\"image\" style=\"background-image: url(https:\/\/anigami.studio\/wp-content\/uploads\/2025\/07\/imajin-team-2-e1753120200219-848x1024.png);\">\n              <\/div>\n      <div class=\"bottom\">\n                  <div class=\"name\">Database<\/div>\n                  <div class=\"post\">Supabase<br \/>\nMy SQL<br \/>\nPostgreSQL<\/div>\n              <\/div>\n    <\/div>\n        <div class=\"team-item team-item-687e8a4b75b56\">\n      <div class=\"image\" style=\"background-image: url(https:\/\/anigami.studio\/wp-content\/uploads\/2025\/07\/imajin-team-4-e1753123474815-940x1024.png);\">\n              <\/div>\n      <div class=\"bottom\">\n                  <div class=\"name\">ERP &amp; CRM<\/div>\n                  <div class=\"post\">Zoho Suite<br \/>\nSAP<\/div>\n              <\/div>\n    <\/div>\n        <div class=\"team-item team-item-687e90eb008e5\">\n      <div class=\"image\" style=\"background-image: url(https:\/\/anigami.studio\/wp-content\/uploads\/2025\/07\/imajin-team-5-e1753125638400-971x1024.png);\">\n              <\/div>\n      <div class=\"bottom\">\n                  <div class=\"name\">Agentic AI &amp; Automation<\/div>\n                  <div class=\"post\">n8n<br \/>\nLang Chain<br \/>\nMCP<\/div>\n              <\/div>\n    <\/div>\n        <\/div>\n    \n\t<div class=\"wpb_text_column wpb_content_element\" >\n\t\t<div class=\"wpb_wrapper\">\n\t\t\t<p><span style=\"font-size: 18px;\">We offer a wide range of technologies and frameworks. If the tool or technology you wish to implement is not listed, don\u2019t worry, just contact us and we\u2019ll be happy to assist you.<\/span><\/p>\n\n\t\t<\/div>\n\t<\/div>\n<\/div><\/div><\/div><\/div><div class=\"vc_row wpb_row vc_row-fluid vc_row-\"><div class=\"wpb_column vc_column_container vc_col-sm-12\"><div class=\"vc_column-inner\" style=\"  \"><div class=\"wpb_wrapper\">      <div class=\"heading-block heading-6046ce5d4e764 tac h-h4\">\n                  <h4 class=\"h translation-block\"><span>BUILD THE FUTURE<\/span> WITH US!<\/h4>\n              <\/div>\n              <div class=\"button-container button-6046ce1824eb9 center\">\n        <a class=\"button-style2\" href=\"https:\/\/future.ignus.mx\/jobs\" target=\"_blank\">\n                    <span>CAREERS<\/span>\n        <\/a>\n      <\/div>\n        <div class=\"vc_empty_space\"   style=\"height: 60px\"><span class=\"vc_empty_space_inner\"><\/span><\/div><\/div><\/div><\/div><\/div>","protected":false},"excerpt":{"rendered":"fbFacebooktwTwitterinInstagramliLinkedInwaWhatsapp Conoce a tu agencia bajo demanda, con m\u00e1s de 20 a\u00f1os de experiencia. Potenciada por AI. Contratar servicio EXECUTIVE TEAM Tlaca\u00e9lel Prado CEO Founder Alejandro Hellmund CFO COO Carlos Rivera CTO Diana Jasso RH &amp; Accounting CORE TEAM Encargados de entrenar y orquestar nuestros agentes AI, supervisar al equipo IMAJIN y asegurar el \u00e9xito [...]","protected":false},"author":1,"featured_media":0,"parent":0,"menu_order":0,"comment_status":"closed","ping_status":"closed","template":"template-landing.php","meta":{"_acf_changed":false,"footnotes":""},"class_list":["post-165","page","type-page","status-publish","hentry"],"acf":[],"yoast_head":"<!-- This site is optimized with the Yoast SEO plugin v25.4 - https:\/\/yoast.com\/wordpress\/plugins\/seo\/ -->\n<title>Nuestro Equipo | ANIGAMI Studio<\/title>\n<meta name=\"description\" content=\"Conoce al talentoso equipo detr\u00e1s de IGNUS. Nuestros expertos trabajan juntos para impulsar la innovaci\u00f3n y transformar ideas en soluciones.\" \/>\n<meta name=\"robots\" content=\"index, follow, max-snippet:-1, max-image-preview:large, max-video-preview:-1\" \/>\n<link rel=\"canonical\" href=\"https:\/\/anigami.studio\/en\/team\/\" \/>\n<meta property=\"og:locale\" content=\"en_US\" \/>\n<meta property=\"og:type\" content=\"article\" \/>\n<meta property=\"og:title\" content=\"Nuestro Equipo | ANIGAMI Studio\" \/>\n<meta property=\"og:description\" content=\"Conoce al talentoso equipo detr\u00e1s de IGNUS. Nuestros expertos trabajan juntos para impulsar la innovaci\u00f3n y transformar ideas en soluciones.\" \/>\n<meta property=\"og:url\" content=\"https:\/\/anigami.studio\/en\/team\/\" \/>\n<meta property=\"og:site_name\" content=\"ANIGAMI Studio\" \/>\n<meta property=\"article:publisher\" content=\"https:\/\/www.facebook.com\/ignuscorp\" \/>\n<meta property=\"article:modified_time\" content=\"2025-07-25T05:16:06+00:00\" \/>\n<meta property=\"og:image\" content=\"https:\/\/anigami.studio\/wp-content\/uploads\/2025\/07\/cropped-anigami_studio_imago-1.png\" \/>\n\t<meta property=\"og:image:width\" content=\"512\" \/>\n\t<meta property=\"og:image:height\" content=\"512\" \/>\n\t<meta property=\"og:image:type\" content=\"image\/png\" \/>\n<meta name=\"twitter:card\" content=\"summary_large_image\" \/>\n<meta name=\"twitter:site\" content=\"@ignuscorp\" \/>\n<script type=\"application\/ld+json\" class=\"yoast-schema-graph\">{\"@context\":\"https:\/\/schema.org\",\"@graph\":[{\"@type\":\"WebPage\",\"@id\":\"https:\/\/anigami.studio\/team\/\",\"url\":\"https:\/\/anigami.studio\/team\/\",\"name\":\"Nuestro Equipo | ANIGAMI Studio\",\"isPartOf\":{\"@id\":\"https:\/\/anigami.studio\/#website\"},\"datePublished\":\"2019-03-18T06:39:39+00:00\",\"dateModified\":\"2025-07-25T05:16:06+00:00\",\"description\":\"Conoce al talentoso equipo detr\u00e1s de IGNUS. Nuestros expertos trabajan juntos para impulsar la innovaci\u00f3n y transformar ideas en soluciones.\",\"breadcrumb\":{\"@id\":\"https:\/\/anigami.studio\/team\/#breadcrumb\"},\"inLanguage\":\"en-US\",\"potentialAction\":[{\"@type\":\"ReadAction\",\"target\":[\"https:\/\/anigami.studio\/team\/\"]}]},{\"@type\":\"BreadcrumbList\",\"@id\":\"https:\/\/anigami.studio\/team\/#breadcrumb\",\"itemListElement\":[{\"@type\":\"ListItem\",\"position\":1,\"name\":\"Home\",\"item\":\"https:\/\/anigami.studio\/\"},{\"@type\":\"ListItem\",\"position\":2,\"name\":\"Nuestro Equipo\"}]},{\"@type\":\"WebSite\",\"@id\":\"https:\/\/anigami.studio\/#website\",\"url\":\"https:\/\/anigami.studio\/\",\"name\":\"ANIGAMI Studio\",\"description\":\"ANIGAMI Studio is your on-demand Software Agency and Zoho Partner\",\"publisher\":{\"@id\":\"https:\/\/anigami.studio\/#organization\"},\"potentialAction\":[{\"@type\":\"SearchAction\",\"target\":{\"@type\":\"EntryPoint\",\"urlTemplate\":\"https:\/\/anigami.studio\/?s={search_term_string}\"},\"query-input\":{\"@type\":\"PropertyValueSpecification\",\"valueRequired\":true,\"valueName\":\"search_term_string\"}}],\"inLanguage\":\"en-US\"},{\"@type\":\"Organization\",\"@id\":\"https:\/\/anigami.studio\/#organization\",\"name\":\"ANIGAMI Studio\",\"url\":\"https:\/\/anigami.studio\/\",\"logo\":{\"@type\":\"ImageObject\",\"inLanguage\":\"en-US\",\"@id\":\"https:\/\/anigami.studio\/#\/schema\/logo\/image\/\",\"url\":\"https:\/\/anigami.studio\/wp-content\/uploads\/2025\/07\/cropped-anigami_studio_imago-1.png\",\"contentUrl\":\"https:\/\/anigami.studio\/wp-content\/uploads\/2025\/07\/cropped-anigami_studio_imago-1.png\",\"width\":512,\"height\":512,\"caption\":\"ANIGAMI Studio\"},\"image\":{\"@id\":\"https:\/\/anigami.studio\/#\/schema\/logo\/image\/\"},\"sameAs\":[\"https:\/\/www.facebook.com\/ignuscorp\",\"https:\/\/x.com\/ignuscorp\",\"https:\/\/www.instagram.com\/ignuscorp\",\"https:\/\/www.linkedin.com\/company\/ignuscorp\"]}]}<\/script>\n<!-- \/ Yoast SEO plugin. -->","yoast_head_json":{"title":"Nuestro Equipo | ANIGAMI Studio","description":"Conoce al talentoso equipo detr\u00e1s de IGNUS. Nuestros expertos trabajan juntos para impulsar la innovaci\u00f3n y transformar ideas en soluciones.","robots":{"index":"index","follow":"follow","max-snippet":"max-snippet:-1","max-image-preview":"max-image-preview:large","max-video-preview":"max-video-preview:-1"},"canonical":"https:\/\/anigami.studio\/en\/team\/","og_locale":"en_US","og_type":"article","og_title":"Nuestro Equipo | ANIGAMI Studio","og_description":"Conoce al talentoso equipo detr\u00e1s de IGNUS. Nuestros expertos trabajan juntos para impulsar la innovaci\u00f3n y transformar ideas en soluciones.","og_url":"https:\/\/anigami.studio\/en\/team\/","og_site_name":"ANIGAMI Studio","article_publisher":"https:\/\/www.facebook.com\/ignuscorp","article_modified_time":"2025-07-25T05:16:06+00:00","og_image":[{"width":512,"height":512,"url":"https:\/\/anigami.studio\/wp-content\/uploads\/2025\/07\/cropped-anigami_studio_imago-1.png","type":"image\/png"}],"twitter_card":"summary_large_image","twitter_site":"@ignuscorp","schema":{"@context":"https:\/\/schema.org","@graph":[{"@type":"WebPage","@id":"https:\/\/anigami.studio\/team\/","url":"https:\/\/anigami.studio\/team\/","name":"Nuestro Equipo | ANIGAMI Studio","isPartOf":{"@id":"https:\/\/anigami.studio\/#website"},"datePublished":"2019-03-18T06:39:39+00:00","dateModified":"2025-07-25T05:16:06+00:00","description":"Conoce al talentoso equipo detr\u00e1s de IGNUS. Nuestros expertos trabajan juntos para impulsar la innovaci\u00f3n y transformar ideas en soluciones.","breadcrumb":{"@id":"https:\/\/anigami.studio\/team\/#breadcrumb"},"inLanguage":"en-US","potentialAction":[{"@type":"ReadAction","target":["https:\/\/anigami.studio\/team\/"]}]},{"@type":"BreadcrumbList","@id":"https:\/\/anigami.studio\/team\/#breadcrumb","itemListElement":[{"@type":"ListItem","position":1,"name":"Home","item":"https:\/\/anigami.studio\/"},{"@type":"ListItem","position":2,"name":"Nuestro Equipo"}]},{"@type":"WebSite","@id":"https:\/\/anigami.studio\/#website","url":"https:\/\/anigami.studio\/","name":"ANIGAMI Studio","description":"ANIGAMI Studio is your on-demand Software Agency and Zoho Partner","publisher":{"@id":"https:\/\/anigami.studio\/#organization"},"potentialAction":[{"@type":"SearchAction","target":{"@type":"EntryPoint","urlTemplate":"https:\/\/anigami.studio\/?s={search_term_string}"},"query-input":{"@type":"PropertyValueSpecification","valueRequired":true,"valueName":"search_term_string"}}],"inLanguage":"en-US"},{"@type":"Organization","@id":"https:\/\/anigami.studio\/#organization","name":"ANIGAMI Studio","url":"https:\/\/anigami.studio\/","logo":{"@type":"ImageObject","inLanguage":"en-US","@id":"https:\/\/anigami.studio\/#\/schema\/logo\/image\/","url":"https:\/\/anigami.studio\/wp-content\/uploads\/2025\/07\/cropped-anigami_studio_imago-1.png","contentUrl":"https:\/\/anigami.studio\/wp-content\/uploads\/2025\/07\/cropped-anigami_studio_imago-1.png","width":512,"height":512,"caption":"ANIGAMI Studio"},"image":{"@id":"https:\/\/anigami.studio\/#\/schema\/logo\/image\/"},"sameAs":["https:\/\/www.facebook.com\/ignuscorp","https:\/\/x.com\/ignuscorp","https:\/\/www.instagram.com\/ignuscorp","https:\/\/www.linkedin.com\/company\/ignuscorp"]}]}},"_links":{"self":[{"href":"https:\/\/anigami.studio\/en\/wp-json\/wp\/v2\/pages\/165","targetHints":{"allow":["GET"]}}],"collection":[{"href":"https:\/\/anigami.studio\/en\/wp-json\/wp\/v2\/pages"}],"about":[{"href":"https:\/\/anigami.studio\/en\/wp-json\/wp\/v2\/types\/page"}],"author":[{"embeddable":true,"href":"https:\/\/anigami.studio\/en\/wp-json\/wp\/v2\/users\/1"}],"replies":[{"embeddable":true,"href":"https:\/\/anigami.studio\/en\/wp-json\/wp\/v2\/comments?post=165"}],"version-history":[{"count":0,"href":"https:\/\/anigami.studio\/en\/wp-json\/wp\/v2\/pages\/165\/revisions"}],"wp:attachment":[{"href":"https:\/\/anigami.studio\/en\/wp-json\/wp\/v2\/media?parent=165"}],"curies":[{"name":"wp","href":"https:\/\/api.w.org\/{rel}","templated":true}]}}