{"id":1788,"date":"2021-02-24T22:43:57","date_gmt":"2021-02-24T22:43:57","guid":{"rendered":"https:\/\/sandbox.ignus.mx\/?page_id=1788"},"modified":"2025-07-10T07:59:49","modified_gmt":"2025-07-10T07:59:49","slug":"soluciones-industria","status":"publish","type":"page","link":"https:\/\/anigami.studio\/en\/soluciones-industria\/","title":{"rendered":"Soluciones por industria"},"content":{"rendered":"<div data-vc-full-width=\"true\" data-vc-full-width-init=\"false\" data-vc-stretch-content=\"true\" class=\"vc_row wpb_row vc_row-fluid vc_row-5ca206d07ca3b vc_row-no-padding\"><div class=\"wpb_column vc_column_container vc_col-sm-12\"><div class=\"vc_column-inner\" style=\"  \"><div class=\"wpb_wrapper\">    <section class=\"banner-area banner-area-5ca20673a9716 bsl-left\">\n              <div class=\"banner-social-links\">\n          <div class=\"social-links\"><a href=\"https:\/\/www.facebook.com\/ignuscorp\"><span>fb<\/span><span>Facebook<\/span><\/a><a href=\"https:\/\/twitter.com\/ignuscorp\"><span>tw<\/span><span>Twitter<\/span><\/a><a href=\"https:\/\/www.instagram.com\/ignuscorp\/\"><span>in<\/span><span>Instagram<\/span><\/a><a href=\"https:\/\/www.linkedin.com\/company\/ignuscorp\"><span>li<\/span><span>LinkedIn<\/span><\/a><a href=\"https:\/\/api.whatsapp.com\/send?phone=523319304206\"><span>wa<\/span><span>Whatsapp<\/span><\/a><\/div>\n        <\/div>\n            <div class=\"banner-item tar\" style=\"background-image: url(https:\/\/anigami.studio\/wp-content\/uploads\/2021\/02\/banner-soluciones-inds-scaled.jpg);\">\n        \n    <div class=\"bg-overlay\">\n          <\/div>\n\n            <div class=\"container\">\n          <div class=\"row align-items-center fixed-height\" style=\"height: 575px;\">\n            <div class=\"col\">\n                              <div class=\"heading-block tar\">\n                                      <div class=\"sub-h\">Solutions by Industry<\/div>\n                                      <h2 class=\"h\">Every client is unique,<br \/>\nand so is our service.<\/h2>\n                                  <\/div>\n                              <a class=\"button-style1\" href=\"\/en\/#contact\" target=\"_self\"><span class=\"d\"><span><\/span><\/span><span>Request a service<\/span><\/a>\n                          <\/div>\n          <\/div>\n        <\/div>\n      <\/div>\n    <\/section>\n    <\/div><\/div><\/div><\/div><div class=\"vc_row-full-width vc_clearfix\"><\/div><div class=\"vc_row wpb_row vc_row-fluid vc_row-\"><div class=\"wpb_column vc_column_container vc_col-sm-12\"><div class=\"vc_column-inner\" style=\"  \"><div class=\"wpb_wrapper\">      <div class=\"heading-block heading-604fabd6d4375 tal h-h2\">\n                  <div class=\"sub-h\">INDUSTRIES<\/div>\n              <\/div>\n        <div class=\"vertical-tabs vertical-tabs-6050690e59cf5\">\n      <div class=\"tabs-items\">\n                            <div class=\"tab-item\">\n            <div class=\"tab-m-button\">\n                              <div class=\"label\">PropTech<\/div>\n                          <\/div>\n            <div class=\"inner\" style=\"display: block;\">\n              <div class=\"inner-content\">\n                                  <div class=\"image\" style=\"background-image: url(https:\/\/anigami.studio\/wp-content\/uploads\/2021\/02\/wecity2.jpg);\"><\/div>\n                                <div class=\"content\">\n                  <div class=\"heading-block\">\n                                          <div class=\"sub-h\">PropTech<\/div>\n                                        <h2 class=\"h\">\n                                                                <\/h2>\n                  <\/div>\n                                      <div class=\"text\">We developed Axenda, our own construction management platform focused on time and resouce optimization using the power of AI. Ideal for freelancers and small to medium size companies.<\/p>\n<p>We implemented digital tools and solutions for real estate investors so they can automate their processes and generate realtime reports, allowing them to have more efficient operations maximizing their profits.<\/p>\n<p>Practical cases:<br \/>\n- Artificial Intelligence applied to forecasting to save time and resources.<br \/>\n- Blockchain for smart contracts, certified transactions and instant payments.<br \/>\n- Virtual Reality, Augmented Reality and smart devices to facilitate the field work.<\/div>\n                                  <\/div>\n              <\/div>\n            <\/div>\n          <\/div>\n                            <div class=\"tab-item\">\n            <div class=\"tab-m-button\">\n                              <div class=\"label\">Agro \/ Farming<\/div>\n                          <\/div>\n            <div class=\"inner\">\n              <div class=\"inner-content\">\n                                  <div class=\"image\" style=\"background-image: url(https:\/\/anigami.studio\/wp-content\/uploads\/2021\/02\/portafolio-rancho.jpg);\"><\/div>\n                                <div class=\"content\">\n                  <div class=\"heading-block\">\n                                          <div class=\"sub-h\">Agro \/ Farming<\/div>\n                                        <h2 class=\"h\">\n                                                                <\/h2>\n                  <\/div>\n                                      <div class=\"text\">Agriculture and farming are one of the most lagging industries globally, but they are also one of the industries with the greatest disruptive potential.<\/p>\n<p>We developed our own plaform for cattle control: daily activities, weight control, breed, vaccination and supplies inventory.<\/p>\n<p>Practical cases:<br \/>\n- Software for administration and control of each of the processes in farming and agriculture.<br \/>\n- Artificial Intelligence to improve production by classifying and detecting anomalies.<br \/>\n- Blockchain for traceability in all processes from harvest to delivery to the final consumer.<\/div>\n                                  <\/div>\n              <\/div>\n            <\/div>\n          <\/div>\n                            <div class=\"tab-item\">\n            <div class=\"tab-m-button\">\n                              <div class=\"label\">Retail \/ E-Commerce<\/div>\n                          <\/div>\n            <div class=\"inner\">\n              <div class=\"inner-content\">\n                                  <div class=\"image\" style=\"background-image: url(https:\/\/anigami.studio\/wp-content\/uploads\/2021\/02\/casa-colomos.jpg);\"><\/div>\n                                <div class=\"content\">\n                  <div class=\"heading-block\">\n                                          <div class=\"sub-h\">Retail \/ E-Commerce<\/div>\n                                        <h2 class=\"h\">\n                                                                <\/h2>\n                  <\/div>\n                                      <div class=\"text\">We've worked with small and medium size companies to move into digital transformation by optimizing their internal operations helping them to reduce their costs and maximizing their profits with solutions such as ERP, CRM, WMS, POS, E-Commerce.<\/p>\n<p>We help businesses to reach new customers and a broader audience through e-commerce and digital marketing.<\/p>\n<p>Practical cases:<br \/>\n- Control all branch offices from the same place, allowing you to have intelligent reports instantly and from anywhere.<br \/>\n- Chatbots to increase sales from E-Commerce websites.<br \/>\n- Smart digital marketing campaigns.<\/div>\n                                  <\/div>\n              <\/div>\n            <\/div>\n          <\/div>\n                            <div class=\"tab-item\">\n            <div class=\"tab-m-button\">\n                              <div class=\"label\">Logistics &amp; Transportation<\/div>\n                          <\/div>\n            <div class=\"inner\">\n              <div class=\"inner-content\">\n                                  <div class=\"image\" style=\"background-image: url(https:\/\/anigami.studio\/wp-content\/uploads\/2021\/02\/portafolio-redtrack.jpg);\"><\/div>\n                                <div class=\"content\">\n                  <div class=\"heading-block\">\n                                          <div class=\"sub-h\">Logistics &amp; Transportation<\/div>\n                                        <h2 class=\"h\">\n                                                                <\/h2>\n                  <\/div>\n                                      <div class=\"text\">More and more companies in the logistics and transportation sector are saving millions of dollars annually thanks to technology through IOT (Internet of Things), telemetry and automation solutions, process efficiency and consolidation of operations.<\/p>\n<p>We are the team behind Reddtrack, a leading platform in GPS tracking. We also manage its cloud infrastructure.<\/p>\n<p>Practical cases:<br \/>\n- GPS positioning and telemetry for real-time visibility of logistics and transportation processes.<br \/>\n- Blockchain for traceability and transactions verification.<br \/>\n- Business intelligence, risk prediction and cost reduction through Artificial Intelligence and Big Data.<\/div>\n                                  <\/div>\n              <\/div>\n            <\/div>\n          <\/div>\n                            <div class=\"tab-item\">\n            <div class=\"tab-m-button\">\n                              <div class=\"label\">Manufacturing &amp; Commercialization<\/div>\n                          <\/div>\n            <div class=\"inner\">\n              <div class=\"inner-content\">\n                                  <div class=\"image\" style=\"background-image: url(https:\/\/anigami.studio\/wp-content\/uploads\/2021\/02\/geinn.jpg);\"><\/div>\n                                <div class=\"content\">\n                  <div class=\"heading-block\">\n                                          <div class=\"sub-h\">Manufacturing &amp; Commercialization<\/div>\n                                        <h2 class=\"h\">\n                                                                <\/h2>\n                  <\/div>\n                                      <div class=\"text\">Through sensors, IOT and Big Data, information can be obtained in a large scale on each of the production and manufacturing processes to help and assist personnel and improve their processes, reduce waste and increase production.<\/p>\n<p>Practical cases:<br \/>\n- IOT sensors for supervision automation, machinery review and maintenance through an alert system available from anywhere.<br \/>\n- Measure and forecast waste and production times through information panels in real time.<br \/>\n- Smart purchase of raw materials based on real demand thanks to crossing commercial information and information from the production area.<\/div>\n                                  <\/div>\n              <\/div>\n            <\/div>\n          <\/div>\n              <\/div>\n      <ul class=\"tabs-buttons\">\n                  <li class=\"current\">\n                        <div class=\"label\">PropTech<\/div>\n          <\/li>\n                  <li >\n                        <div class=\"label\">Agro \/ Farming<\/div>\n          <\/li>\n                  <li >\n                        <div class=\"label\">Retail \/ E-Commerce<\/div>\n          <\/li>\n                  <li >\n                        <div class=\"label\">Logistics &amp; Transportation<\/div>\n          <\/li>\n                  <li >\n                        <div class=\"label\">Manufacturing &amp; Commercialization<\/div>\n          <\/li>\n              <\/ul>\n    <\/div>\n              <div class=\"button-container button-605bafbd8dbd6 center\">\n        <a class=\"button-style1\" href=\"https:\/\/anigami.studio\/en\/imajin\/\" target=\"_self\">\n                      <span class=\"d\"><span><\/span><\/span>\n                    <span>Request a service<\/span>\n        <\/a>\n      <\/div>\n        <\/div><\/div><\/div><\/div><div class=\"vc_row wpb_row vc_row-fluid vc_row-\"><div class=\"wpb_column vc_column_container vc_col-sm-12\"><div class=\"vc_column-inner\" style=\"  \"><div class=\"wpb_wrapper\"><div class=\"vc_empty_space\"   style=\"height: 50px\"><span class=\"vc_empty_space_inner\"><\/span><\/div>      <div class=\"heading-block heading-6036f29c565ec tal h-h2\">\n                  <div class=\"sub-h\">Our Solutions<\/div>\n              <\/div>\n        <div class=\"services-area testimonials-items-6036872efc464\">\n      <div class=\"services-carousel\">\n            <div class=\"item services-area-603687425e5b5\">\n              <div class=\"num\"><span><\/span><\/div>\n            <div class=\"wrap\">\n                  <div class=\"h\">By Type<\/div>\n                  <div class=\"img\" style=\"background-image: url(https:\/\/anigami.studio\/wp-content\/uploads\/2021\/02\/portafolio-02-1024x638.jpg);\"><\/div>\n              <\/div>\n              <a href=\"https:\/\/anigami.studio\/en\/soluciones-tipo\/\" target=\"_self\"><\/a>\n          <\/div>\n        <div class=\"item services-area-60368ec7203bf\">\n              <div class=\"num\"><span><\/span><\/div>\n            <div class=\"wrap\">\n                  <div class=\"h\">By Industry<\/div>\n                  <div class=\"img\" style=\"background-image: url(https:\/\/anigami.studio\/wp-content\/uploads\/2021\/02\/geinn-1024x638.jpg);\"><\/div>\n              <\/div>\n              <a href=\"https:\/\/anigami.studio\/en\/soluciones-industria\/\" target=\"_self\"><\/a>\n          <\/div>\n        <div class=\"item services-area-60368f3a66f89\">\n              <div class=\"num\"><span><\/span><\/div>\n            <div class=\"wrap\">\n                  <div class=\"h\">Zoho Suite<\/div>\n                  <div class=\"img\" style=\"background-image: url(https:\/\/anigami.studio\/wp-content\/uploads\/2021\/02\/portafolio-01-1024x638.jpg);\"><\/div>\n              <\/div>\n              <a href=\"https:\/\/anigami.studio\/en\/soluciones-zoho\/\" target=\"_self\"><\/a>\n          <\/div>\n        <div class=\"item services-area-60368f7faff02\">\n              <div class=\"num\"><span><\/span><\/div>\n            <div class=\"wrap\">\n                  <div class=\"h\">Vertical Solutions<\/div>\n                  <div class=\"img\" style=\"background-image: url(https:\/\/anigami.studio\/wp-content\/uploads\/2021\/02\/banner-soluciones-vert-1-1024x433.jpg);\"><\/div>\n              <\/div>\n              <a href=\"https:\/\/anigami.studio\/en\/soluciones-verticales\/\" target=\"_self\"><\/a>\n          <\/div>\n          <\/div>\n          <\/div>\n    <\/div><\/div><\/div><\/div><div class=\"vc_row wpb_row vc_row-fluid vc_row-\"><div class=\"wpb_column vc_column_container vc_col-sm-12\"><div class=\"vc_column-inner\" style=\"  \"><div class=\"wpb_wrapper\"><div class=\"vc_empty_space\"   style=\"height: 100px\"><span class=\"vc_empty_space_inner\"><\/span><\/div><\/div><\/div><\/div><\/div>","protected":false},"excerpt":{"rendered":"fbFacebooktwTwitterinInstagramliLinkedInwaWhatsapp Soluciones por Industria Cada cliente es \u00fanico, al igual que nuestro servicio. Contratar servicio INDUSTRIAS Construcci\u00f3n y Bienes Ra\u00edces Construcci\u00f3n y Bienes Ra\u00edces Desarrollamos Axenda, nuestra propia plataforma para la gesti\u00f3n y control de obra que optimiza recursos y tiempo a trav\u00e9s de la inteligencia artificial. Ideal para profesionistas, peque\u00f1as y medianas empresas. Implementamos [...]","protected":false},"author":1,"featured_media":0,"parent":0,"menu_order":0,"comment_status":"closed","ping_status":"closed","template":"template-landing.php","meta":{"_acf_changed":false,"footnotes":""},"class_list":["post-1788","page","type-page","status-publish","hentry"],"acf":[],"yoast_head":"<!-- This site is optimized with the Yoast SEO plugin v25.4 - https:\/\/yoast.com\/wordpress\/plugins\/seo\/ -->\n<title>Soluciones por industria | ANIGAMI Studio<\/title>\n<meta name=\"robots\" content=\"index, follow, max-snippet:-1, max-image-preview:large, max-video-preview:-1\" \/>\n<link rel=\"canonical\" href=\"https:\/\/anigami.studio\/en\/soluciones-industria\/\" \/>\n<meta property=\"og:locale\" content=\"en_US\" \/>\n<meta property=\"og:type\" content=\"article\" \/>\n<meta property=\"og:title\" content=\"Soluciones por industria | ANIGAMI Studio\" \/>\n<meta property=\"og:url\" content=\"https:\/\/anigami.studio\/en\/soluciones-industria\/\" \/>\n<meta property=\"og:site_name\" content=\"ANIGAMI Studio\" \/>\n<meta property=\"article:publisher\" content=\"https:\/\/www.facebook.com\/ignuscorp\" \/>\n<meta property=\"article:modified_time\" content=\"2025-07-10T07:59:49+00:00\" \/>\n<meta property=\"og:image\" content=\"https:\/\/anigami.studio\/wp-content\/uploads\/2025\/07\/cropped-anigami_studio_imago-1.png\" \/>\n\t<meta property=\"og:image:width\" content=\"512\" \/>\n\t<meta property=\"og:image:height\" content=\"512\" \/>\n\t<meta property=\"og:image:type\" content=\"image\/png\" \/>\n<meta name=\"twitter:card\" content=\"summary_large_image\" \/>\n<meta name=\"twitter:site\" content=\"@ignuscorp\" \/>\n<script type=\"application\/ld+json\" class=\"yoast-schema-graph\">{\"@context\":\"https:\/\/schema.org\",\"@graph\":[{\"@type\":\"WebPage\",\"@id\":\"https:\/\/anigami.studio\/soluciones-industria\/\",\"url\":\"https:\/\/anigami.studio\/soluciones-industria\/\",\"name\":\"Soluciones por industria | ANIGAMI Studio\",\"isPartOf\":{\"@id\":\"https:\/\/anigami.studio\/#website\"},\"datePublished\":\"2021-02-24T22:43:57+00:00\",\"dateModified\":\"2025-07-10T07:59:49+00:00\",\"breadcrumb\":{\"@id\":\"https:\/\/anigami.studio\/soluciones-industria\/#breadcrumb\"},\"inLanguage\":\"en-US\",\"potentialAction\":[{\"@type\":\"ReadAction\",\"target\":[\"https:\/\/anigami.studio\/soluciones-industria\/\"]}]},{\"@type\":\"BreadcrumbList\",\"@id\":\"https:\/\/anigami.studio\/soluciones-industria\/#breadcrumb\",\"itemListElement\":[{\"@type\":\"ListItem\",\"position\":1,\"name\":\"Home\",\"item\":\"https:\/\/anigami.studio\/\"},{\"@type\":\"ListItem\",\"position\":2,\"name\":\"Soluciones por industria\"}]},{\"@type\":\"WebSite\",\"@id\":\"https:\/\/anigami.studio\/#website\",\"url\":\"https:\/\/anigami.studio\/\",\"name\":\"ANIGAMI Studio\",\"description\":\"ANIGAMI Studio is your on-demand Software Agency and Zoho Partner\",\"publisher\":{\"@id\":\"https:\/\/anigami.studio\/#organization\"},\"potentialAction\":[{\"@type\":\"SearchAction\",\"target\":{\"@type\":\"EntryPoint\",\"urlTemplate\":\"https:\/\/anigami.studio\/?s={search_term_string}\"},\"query-input\":{\"@type\":\"PropertyValueSpecification\",\"valueRequired\":true,\"valueName\":\"search_term_string\"}}],\"inLanguage\":\"en-US\"},{\"@type\":\"Organization\",\"@id\":\"https:\/\/anigami.studio\/#organization\",\"name\":\"ANIGAMI Studio\",\"url\":\"https:\/\/anigami.studio\/\",\"logo\":{\"@type\":\"ImageObject\",\"inLanguage\":\"en-US\",\"@id\":\"https:\/\/anigami.studio\/#\/schema\/logo\/image\/\",\"url\":\"https:\/\/anigami.studio\/wp-content\/uploads\/2025\/07\/cropped-anigami_studio_imago-1.png\",\"contentUrl\":\"https:\/\/anigami.studio\/wp-content\/uploads\/2025\/07\/cropped-anigami_studio_imago-1.png\",\"width\":512,\"height\":512,\"caption\":\"ANIGAMI Studio\"},\"image\":{\"@id\":\"https:\/\/anigami.studio\/#\/schema\/logo\/image\/\"},\"sameAs\":[\"https:\/\/www.facebook.com\/ignuscorp\",\"https:\/\/x.com\/ignuscorp\",\"https:\/\/www.instagram.com\/ignuscorp\",\"https:\/\/www.linkedin.com\/company\/ignuscorp\"]}]}<\/script>\n<!-- \/ Yoast SEO plugin. -->","yoast_head_json":{"title":"Soluciones por industria | ANIGAMI Studio","robots":{"index":"index","follow":"follow","max-snippet":"max-snippet:-1","max-image-preview":"max-image-preview:large","max-video-preview":"max-video-preview:-1"},"canonical":"https:\/\/anigami.studio\/en\/soluciones-industria\/","og_locale":"en_US","og_type":"article","og_title":"Soluciones por industria | ANIGAMI Studio","og_url":"https:\/\/anigami.studio\/en\/soluciones-industria\/","og_site_name":"ANIGAMI Studio","article_publisher":"https:\/\/www.facebook.com\/ignuscorp","article_modified_time":"2025-07-10T07:59:49+00:00","og_image":[{"width":512,"height":512,"url":"https:\/\/anigami.studio\/wp-content\/uploads\/2025\/07\/cropped-anigami_studio_imago-1.png","type":"image\/png"}],"twitter_card":"summary_large_image","twitter_site":"@ignuscorp","schema":{"@context":"https:\/\/schema.org","@graph":[{"@type":"WebPage","@id":"https:\/\/anigami.studio\/soluciones-industria\/","url":"https:\/\/anigami.studio\/soluciones-industria\/","name":"Soluciones por industria | ANIGAMI Studio","isPartOf":{"@id":"https:\/\/anigami.studio\/#website"},"datePublished":"2021-02-24T22:43:57+00:00","dateModified":"2025-07-10T07:59:49+00:00","breadcrumb":{"@id":"https:\/\/anigami.studio\/soluciones-industria\/#breadcrumb"},"inLanguage":"en-US","potentialAction":[{"@type":"ReadAction","target":["https:\/\/anigami.studio\/soluciones-industria\/"]}]},{"@type":"BreadcrumbList","@id":"https:\/\/anigami.studio\/soluciones-industria\/#breadcrumb","itemListElement":[{"@type":"ListItem","position":1,"name":"Home","item":"https:\/\/anigami.studio\/"},{"@type":"ListItem","position":2,"name":"Soluciones por industria"}]},{"@type":"WebSite","@id":"https:\/\/anigami.studio\/#website","url":"https:\/\/anigami.studio\/","name":"ANIGAMI Studio","description":"ANIGAMI Studio is your on-demand Software Agency and Zoho Partner","publisher":{"@id":"https:\/\/anigami.studio\/#organization"},"potentialAction":[{"@type":"SearchAction","target":{"@type":"EntryPoint","urlTemplate":"https:\/\/anigami.studio\/?s={search_term_string}"},"query-input":{"@type":"PropertyValueSpecification","valueRequired":true,"valueName":"search_term_string"}}],"inLanguage":"en-US"},{"@type":"Organization","@id":"https:\/\/anigami.studio\/#organization","name":"ANIGAMI Studio","url":"https:\/\/anigami.studio\/","logo":{"@type":"ImageObject","inLanguage":"en-US","@id":"https:\/\/anigami.studio\/#\/schema\/logo\/image\/","url":"https:\/\/anigami.studio\/wp-content\/uploads\/2025\/07\/cropped-anigami_studio_imago-1.png","contentUrl":"https:\/\/anigami.studio\/wp-content\/uploads\/2025\/07\/cropped-anigami_studio_imago-1.png","width":512,"height":512,"caption":"ANIGAMI Studio"},"image":{"@id":"https:\/\/anigami.studio\/#\/schema\/logo\/image\/"},"sameAs":["https:\/\/www.facebook.com\/ignuscorp","https:\/\/x.com\/ignuscorp","https:\/\/www.instagram.com\/ignuscorp","https:\/\/www.linkedin.com\/company\/ignuscorp"]}]}},"_links":{"self":[{"href":"https:\/\/anigami.studio\/en\/wp-json\/wp\/v2\/pages\/1788","targetHints":{"allow":["GET"]}}],"collection":[{"href":"https:\/\/anigami.studio\/en\/wp-json\/wp\/v2\/pages"}],"about":[{"href":"https:\/\/anigami.studio\/en\/wp-json\/wp\/v2\/types\/page"}],"author":[{"embeddable":true,"href":"https:\/\/anigami.studio\/en\/wp-json\/wp\/v2\/users\/1"}],"replies":[{"embeddable":true,"href":"https:\/\/anigami.studio\/en\/wp-json\/wp\/v2\/comments?post=1788"}],"version-history":[{"count":0,"href":"https:\/\/anigami.studio\/en\/wp-json\/wp\/v2\/pages\/1788\/revisions"}],"wp:attachment":[{"href":"https:\/\/anigami.studio\/en\/wp-json\/wp\/v2\/media?parent=1788"}],"curies":[{"name":"wp","href":"https:\/\/api.w.org\/{rel}","templated":true}]}}