{"id":1838,"date":"2021-02-25T17:34:47","date_gmt":"2021-02-25T17:34:47","guid":{"rendered":"https:\/\/sandbox.ignus.mx\/?page_id=1838"},"modified":"2025-07-09T07:23:27","modified_gmt":"2025-07-09T07:23:27","slug":"soluciones-tipo","status":"publish","type":"page","link":"https:\/\/anigami.studio\/en\/soluciones-tipo\/","title":{"rendered":"Soluciones por tipo"},"content":{"rendered":"<div data-vc-full-width=\"true\" data-vc-full-width-init=\"false\" data-vc-stretch-content=\"true\" class=\"vc_row wpb_row vc_row-fluid vc_row-5ca206d07ca3b vc_row-no-padding\"><div class=\"wpb_column vc_column_container vc_col-sm-12\"><div class=\"vc_column-inner\" style=\"  \"><div class=\"wpb_wrapper\">    <section class=\"banner-area banner-area-5ca20673a9716 bsl-left\">\n              <div class=\"banner-social-links\">\n          <div class=\"social-links\"><a href=\"https:\/\/www.facebook.com\/ignuscorp\"><span>fb<\/span><span>Facebook<\/span><\/a><a href=\"https:\/\/twitter.com\/ignuscorp\"><span>tw<\/span><span>Twitter<\/span><\/a><a href=\"https:\/\/www.instagram.com\/ignuscorp\/\"><span>in<\/span><span>Instagram<\/span><\/a><a href=\"https:\/\/www.linkedin.com\/company\/ignuscorp\"><span>li<\/span><span>LinkedIn<\/span><\/a><a href=\"https:\/\/api.whatsapp.com\/send?phone=523319304206\"><span>wa<\/span><span>Whatsapp<\/span><\/a><\/div>\n        <\/div>\n            <div class=\"banner-item tar\" style=\"background-image: url(https:\/\/anigami.studio\/wp-content\/uploads\/2021\/02\/banner-soluciones-tipo-scaled.jpg);\">\n        \n    <div class=\"bg-overlay\">\n          <\/div>\n\n            <div class=\"container\">\n          <div class=\"row align-items-center fixed-height\" style=\"height: 575px;\">\n            <div class=\"col\">\n                              <div class=\"heading-block tar\">\n                                      <div class=\"sub-h\">Solutions by Type<\/div>\n                                      <h2 class=\"h\">All the digital solutions,<br \/>\nintegrated with a single provider.<\/h2>\n                                  <\/div>\n                              <a class=\"button-style1\" href=\"\/en\/#contact\" target=\"_self\"><span class=\"d\"><span><\/span><\/span><span>Request a service<\/span><\/a>\n                          <\/div>\n          <\/div>\n        <\/div>\n      <\/div>\n    <\/section>\n    <\/div><\/div><\/div><\/div><div class=\"vc_row-full-width vc_clearfix\"><\/div><div class=\"vc_row wpb_row vc_row-fluid vc_row-\"><div class=\"wpb_column vc_column_container vc_col-sm-12\"><div class=\"vc_column-inner\" style=\"  \"><div class=\"wpb_wrapper\">      <div class=\"heading-block heading-6036a9f725e2b tal h-h2\">\n                  <div class=\"sub-h\">SOLUTION TYPE<\/div>\n              <\/div>\n    <\/div><\/div><\/div><div class=\"wpb_column vc_column_container vc_col-sm-4\"><div class=\"vc_column-inner\" style=\"  \"><div class=\"wpb_wrapper\">    <div class=\"accordion-block accordion-block-605ed42c8170b\">\n          <div class=\"accordion-item accordion-item-6059164c29286\">\n      <div class=\"top\">INNOVATION        <div class=\"button\"><\/div>\n      <\/div>\n      <div class=\"wrap\"><\/p>\n<ul>\n<li>Digital Transformation (DT\/DX).<\/li>\n<li>Technology Consulting Services.<\/li>\n<li>Design of Digital Products and Solutions.<\/li>\n<li>ERP Implementations: Zoho and SAP.<\/li>\n<\/ul>\n<p><\/div>\n    <\/div>\n        <\/div>\n    <\/div><\/div><\/div><div class=\"wpb_column vc_column_container vc_col-sm-4\"><div class=\"vc_column-inner\" style=\"  \"><div class=\"wpb_wrapper\">    <div class=\"accordion-block accordion-block-6036ab6379bce\">\n          <div class=\"accordion-item accordion-item-6036f180e16de\">\n      <div class=\"top\">TECHNOLOGY        <div class=\"button\"><\/div>\n      <\/div>\n      <div class=\"wrap\"><\/p>\n<ul>\n<li>Custom Software Development.<\/li>\n<li>Artificial Intelligence, AI Agents, and Data Science.<\/li>\n<li>Cloud Infrastructure, AWS, Azure, GCP, Hosting, and Domains.<\/li>\n<\/ul>\n<p><\/div>\n    <\/div>\n        <\/div>\n    <\/div><\/div><\/div><div class=\"wpb_column vc_column_container vc_col-sm-4\"><div class=\"vc_column-inner\" style=\"  \"><div class=\"wpb_wrapper\">    <div class=\"accordion-block accordion-block-6045efb98ff64\">\n          <div class=\"accordion-item accordion-item-6045efbdd47bb\">\n      <div class=\"top\">ENTERTAINMENT        <div class=\"button\"><\/div>\n      <\/div>\n      <div class=\"wrap\"><\/p>\n<ul>\n<li>Video Game Design, Development, and Production.<\/li>\n<li>2D and 3D Animation.<\/li>\n<li>Concept Art.<\/li>\n<li>Narrative and Screenwriting.<\/li>\n<\/ul>\n<p><\/div>\n    <\/div>\n        <\/div>\n    <\/div><\/div><\/div><\/div><div class=\"vc_row wpb_row vc_row-fluid vc_custom_1614380933144 vc_row-60397f736e1f0\"><div class=\"wpb_column vc_column_container vc_col-sm-12\"><div class=\"vc_column-inner\" style=\"  \"><div class=\"wpb_wrapper\">    <div class=\"icon-box2-block icon-box2-block-60397e8422871 vc_custom_1614383982120 row\">\n          <div class=\"col-12 col-sm-12 col-md-12 col-lg-12 col-xl-12\">\n      <div class=\"icon-box-style2 icon-box-style2-60397e9747ec7 tac\">\n                  <i class=\"far fa-lightbulb\"><\/i>\n                  <h5 class=\"h\">INNOVATION<\/h5>\n                  <div class=\"desc\">Innovation allows us to identify opportunities, challenge the status quo, and create new strategies or models that help businesses evolve, adapt, and stand out in a competitive environment.<\/div>\n              <\/div>\n    <\/div>\n        <\/div>\n        <div class=\"service-items  service-6036afcb1b36a row no-gutters\">\n          <div class=\"service-item  service-item-6036afdc0d07a  col-12 col-sm-12 col-md-4 col-lg-3 col-xl-3\">\n      <div class=\"content\">\n                  <i class=\"fas fa-tv\"><\/i>\n                  <div class=\"sub-h\">INNOVATION AND PROCESSES<\/div>\n                  <h5 class=\"h\">Digital Transformation<\/h5>\n                  <div class=\"desc\">We analyze your operations and design tailored technology solutions to help your business become more agile and competitive.<\/div>\n              <\/div>\n    <\/div>\n        <div class=\"service-item  service-item-60393c0ba233e  col-12 col-sm-12 col-md-4 col-lg-3 col-xl-3\">\n      <div class=\"content\">\n                  <i class=\"far fa-handshake\"><\/i>\n                  <div class=\"sub-h\">INNOVATION AND PROCESSES<\/div>\n                  <h5 class=\"h\">ERP Implementations: Zoho and SAP<\/h5>\n                  <div class=\"desc\">Over 40 integrated apps for sales, finance, operations, and HR in one user-friendly platform. Digitize every area of your business and take it to the next level.<\/div>\n              <\/div>\n    <\/div>\n        <\/div>\n    <\/div><\/div><\/div><\/div><div class=\"vc_row wpb_row vc_row-fluid vc_row-60398139cc22c\"><div class=\"wpb_column vc_column_container vc_col-sm-12\"><div class=\"vc_column-inner vc_custom_1614382657114\" style=\"  \"><div class=\"wpb_wrapper\">    <div class=\"icon-box2-block icon-box2-block-603980c1aaf22 vc_custom_1614383968940 row\">\n          <div class=\"col-12 col-sm-12 col-md-12 col-lg-12 col-xl-12\">\n      <div class=\"icon-box-style2 icon-box-style2-686c49cee4181 tac\">\n                  <i class=\"fas fa-laptop-code\"><\/i>\n                  <h5 class=\"h\">TECHNOLOGY<\/h5>\n                  <div class=\"desc\">Technology turns ideas into concrete solutions that optimize processes, streamline operations, and transform the way businesses work.<\/div>\n              <\/div>\n    <\/div>\n        <\/div>\n        <div class=\"service-items  service- row no-gutters\">\n          <div class=\"service-item  service-item-604efb91aeefa  col-12 col-sm-12 col-md-4 col-lg-3 col-xl-3\">\n      <div class=\"content\">\n                  <i class=\"fas fa-code\"><\/i>\n                  <div class=\"sub-h\">SOFTWARE AND INTEGRATIONS<\/div>\n                  <h5 class=\"h\">Custom Software Development<\/h5>\n                  <div class=\"desc\">We build software and digital products in record time. Hire a complete team on demand, faster and more affordable than ever.<\/div>\n              <\/div>\n    <\/div>\n        <div class=\"service-item  service-item-686c3083fb4a7  col-12 col-sm-12 col-md-4 col-lg-3 col-xl-3\">\n      <div class=\"content\">\n                  <i class=\"fas fa-brain\"><\/i>\n                  <div class=\"sub-h\">SOFTWARE AND INTEGRATIONS<\/div>\n                  <h5 class=\"h\">Artificial Intelligence and Data Science<\/h5>\n                  <div class=\"desc\">Turn your data into actionable decisions and transform your operations with artificial intelligence and advanced analytics.<\/div>\n              <\/div>\n    <\/div>\n        <div class=\"service-item  service-item-686c30a138440  col-12 col-sm-12 col-md-4 col-lg-3 col-xl-3\">\n      <div class=\"content\">\n                  <i class=\"fas fa-robot\"><\/i>\n                  <div class=\"sub-h\">SOFTWARE AND INTEGRATIONS<\/div>\n                  <h5 class=\"h\">AI Agents<\/h5>\n                  <div class=\"desc\">We train and deploy autonomous AI agents that understand, respond, and take action. From customer service to internal process automation.<\/div>\n              <\/div>\n    <\/div>\n        <div class=\"service-item  service-item-604efebab1a9b  col-12 col-sm-12 col-md-4 col-lg-3 col-xl-3\">\n      <div class=\"content\">\n                  <i class=\"fas fa-cloud\"><\/i>\n                  <div class=\"sub-h\">INFRASTRUCTURE<\/div>\n                  <h5 class=\"h\">Cloud Infrastructure<\/h5>\n                  <div class=\"desc\">We deploy and manage cloud services with AWS, Azure, GCP, hosting, and domains, ensuring your operations are protected, connected, and ready to grow.<\/div>\n              <\/div>\n    <\/div>\n        <\/div>\n    <\/div><\/div><\/div><\/div><div class=\"vc_row wpb_row vc_row-fluid vc_custom_1614381362707 vc_row-6039812cd7569\"><div class=\"wpb_column vc_column_container vc_col-sm-12\"><div class=\"vc_column-inner\" style=\"  \"><div class=\"wpb_wrapper\">    <div class=\"icon-box2-block icon-box2-block-6039805d49093 vc_custom_1614383993584 row\">\n          <div class=\"col-12 col-sm-12 col-md-12 col-lg-12 col-xl-12\">\n      <div class=\"icon-box-style2 icon-box-style2-604f044bf59a5 tac\">\n                  <i class=\"fas fa-play-circle\"><\/i>\n                  <h5 class=\"h\">ENTERTAINMENT<\/h5>\n                  <div class=\"desc\">Through creativity, storytelling, and visual art, entertainment transforms ideas into worlds, stories, and emotions that transcend.<\/div>\n              <\/div>\n    <\/div>\n        <\/div>\n        <div class=\"service-items  service- row no-gutters\">\n          <div class=\"service-item  service-item-604efc509abc2  col-12 col-sm-12 col-md-4 col-lg-3 col-xl-3\">\n      <div class=\"content\">\n                  <i class=\"fas fa-gamepad\"><\/i>\n                  <div class=\"sub-h\">ENTERTAINMENT<\/div>\n                  <h5 class=\"h\">Video Games and Animation<\/h5>\n                  <div class=\"desc\">We create worlds, characters, and interactive experiences with their own unique identity, carefully crafting every detail from concept to final production.<\/div>\n              <\/div>\n    <\/div>\n        <\/div>\n    <\/div><\/div><\/div><\/div><div class=\"vc_row wpb_row vc_row-fluid vc_row-\"><div class=\"wpb_column vc_column_container vc_col-sm-12\"><div class=\"vc_column-inner\" style=\"  \"><div class=\"wpb_wrapper\"><div class=\"vc_empty_space\"   style=\"height: 50px\"><span class=\"vc_empty_space_inner\"><\/span><\/div>          <div class=\"button-container button-605ed449f12d6 center\">\n        <a class=\"button-style1\" href=\"https:\/\/anigami.studio\/en\/imajin\/\" target=\"_self\">\n                      <span class=\"d\"><span><\/span><\/span>\n                    <span>Request a service<\/span>\n        <\/a>\n      <\/div>\n        <div class=\"vc_empty_space\"   style=\"height: 50px\"><span class=\"vc_empty_space_inner\"><\/span><\/div>      <div class=\"heading-block heading-6036f29c565ec tal h-h2\">\n                  <div class=\"sub-h\">Our Solutions<\/div>\n              <\/div>\n        <div class=\"services-area testimonials-items-6036872efc464\">\n      <div class=\"services-carousel\">\n            <div class=\"item services-area-603687425e5b5\">\n              <div class=\"num\"><span><\/span><\/div>\n            <div class=\"wrap\">\n                  <div class=\"h\">By Type<\/div>\n                  <div class=\"img\" style=\"background-image: url(https:\/\/anigami.studio\/wp-content\/uploads\/2021\/02\/portafolio-02-1024x638.jpg);\"><\/div>\n              <\/div>\n              <a href=\"https:\/\/anigami.studio\/en\/soluciones-tipo\/\" target=\"_self\"><\/a>\n          <\/div>\n        <div class=\"item services-area-60368ec7203bf\">\n              <div class=\"num\"><span><\/span><\/div>\n            <div class=\"wrap\">\n                  <div class=\"h\">By Industry<\/div>\n                  <div class=\"img\" style=\"background-image: url(https:\/\/anigami.studio\/wp-content\/uploads\/2021\/02\/geinn-1024x638.jpg);\"><\/div>\n              <\/div>\n              <a href=\"https:\/\/anigami.studio\/en\/soluciones-industria\/\" target=\"_self\"><\/a>\n          <\/div>\n        <div class=\"item services-area-60368f3a66f89\">\n              <div class=\"num\"><span><\/span><\/div>\n            <div class=\"wrap\">\n                  <div class=\"h\">Zoho Suite<\/div>\n                  <div class=\"img\" style=\"background-image: url(https:\/\/anigami.studio\/wp-content\/uploads\/2021\/02\/portafolio-01-1024x638.jpg);\"><\/div>\n              <\/div>\n              <a href=\"https:\/\/anigami.studio\/en\/soluciones-zoho\/\" target=\"_self\"><\/a>\n          <\/div>\n        <div class=\"item services-area-60368f7faff02\">\n              <div class=\"num\"><span><\/span><\/div>\n            <div class=\"wrap\">\n                  <div class=\"h\">Vertical Solutions<\/div>\n                  <div class=\"img\" style=\"background-image: url(https:\/\/anigami.studio\/wp-content\/uploads\/2021\/02\/banner-soluciones-vert-1-1024x433.jpg);\"><\/div>\n              <\/div>\n              <a href=\"https:\/\/anigami.studio\/en\/soluciones-verticales\/\" target=\"_self\"><\/a>\n          <\/div>\n          <\/div>\n          <\/div>\n    <\/div><\/div><\/div><\/div><div class=\"vc_row wpb_row vc_row-fluid vc_row-\"><div class=\"wpb_column vc_column_container vc_col-sm-12\"><div class=\"vc_column-inner\" style=\"  \"><div class=\"wpb_wrapper\"><div class=\"vc_empty_space\"   style=\"height: 100px\"><span class=\"vc_empty_space_inner\"><\/span><\/div><\/div><\/div><\/div><\/div>","protected":false},"excerpt":{"rendered":"fbFacebooktwTwitterinInstagramliLinkedInwaWhatsapp Soluciones por Tipo Todas las soluciones digitales, integrados con un solo proveedor. Contratar servicio Tipo de Soluci\u00f3n INNOVACI\u00d3N Transformaci\u00f3n digital (DT\/DX). Consultor\u00eda tecnol\u00f3gica especializada. Dise\u00f1o de productos y soluciones digitales. Implementaciones ERP: Zoho y SAP. TECNOLOG\u00cdA Desarrollo de software a la medida. Inteligencia Artificial, Agentes AI y Ciencia de Datos. Infraestructura en la nube, [...]","protected":false},"author":1,"featured_media":0,"parent":0,"menu_order":0,"comment_status":"closed","ping_status":"closed","template":"template-landing.php","meta":{"_acf_changed":false,"footnotes":""},"class_list":["post-1838","page","type-page","status-publish","hentry"],"acf":[],"yoast_head":"<!-- This site is optimized with the Yoast SEO plugin v25.4 - https:\/\/yoast.com\/wordpress\/plugins\/seo\/ -->\n<title>Soluciones por tipo | ANIGAMI Studio<\/title>\n<meta name=\"robots\" content=\"index, follow, max-snippet:-1, max-image-preview:large, max-video-preview:-1\" \/>\n<link rel=\"canonical\" href=\"https:\/\/anigami.studio\/en\/soluciones-tipo\/\" \/>\n<meta property=\"og:locale\" content=\"en_US\" \/>\n<meta property=\"og:type\" content=\"article\" \/>\n<meta property=\"og:title\" content=\"Soluciones por tipo | ANIGAMI Studio\" \/>\n<meta property=\"og:url\" content=\"https:\/\/anigami.studio\/en\/soluciones-tipo\/\" \/>\n<meta property=\"og:site_name\" content=\"ANIGAMI Studio\" \/>\n<meta property=\"article:publisher\" content=\"https:\/\/www.facebook.com\/ignuscorp\" \/>\n<meta property=\"article:modified_time\" content=\"2025-07-09T07:23:27+00:00\" \/>\n<meta property=\"og:image\" content=\"https:\/\/anigami.studio\/wp-content\/uploads\/2025\/07\/cropped-anigami_studio_imago-1.png\" \/>\n\t<meta property=\"og:image:width\" content=\"512\" \/>\n\t<meta property=\"og:image:height\" content=\"512\" \/>\n\t<meta property=\"og:image:type\" content=\"image\/png\" \/>\n<meta name=\"twitter:card\" content=\"summary_large_image\" \/>\n<meta name=\"twitter:site\" content=\"@ignuscorp\" \/>\n<script type=\"application\/ld+json\" class=\"yoast-schema-graph\">{\"@context\":\"https:\/\/schema.org\",\"@graph\":[{\"@type\":\"WebPage\",\"@id\":\"https:\/\/anigami.studio\/soluciones-tipo\/\",\"url\":\"https:\/\/anigami.studio\/soluciones-tipo\/\",\"name\":\"Soluciones por tipo | ANIGAMI Studio\",\"isPartOf\":{\"@id\":\"https:\/\/anigami.studio\/#website\"},\"datePublished\":\"2021-02-25T17:34:47+00:00\",\"dateModified\":\"2025-07-09T07:23:27+00:00\",\"breadcrumb\":{\"@id\":\"https:\/\/anigami.studio\/soluciones-tipo\/#breadcrumb\"},\"inLanguage\":\"en-US\",\"potentialAction\":[{\"@type\":\"ReadAction\",\"target\":[\"https:\/\/anigami.studio\/soluciones-tipo\/\"]}]},{\"@type\":\"BreadcrumbList\",\"@id\":\"https:\/\/anigami.studio\/soluciones-tipo\/#breadcrumb\",\"itemListElement\":[{\"@type\":\"ListItem\",\"position\":1,\"name\":\"Home\",\"item\":\"https:\/\/anigami.studio\/\"},{\"@type\":\"ListItem\",\"position\":2,\"name\":\"Soluciones por tipo\"}]},{\"@type\":\"WebSite\",\"@id\":\"https:\/\/anigami.studio\/#website\",\"url\":\"https:\/\/anigami.studio\/\",\"name\":\"ANIGAMI Studio\",\"description\":\"ANIGAMI Studio is your on-demand Software Agency and Zoho Partner\",\"publisher\":{\"@id\":\"https:\/\/anigami.studio\/#organization\"},\"potentialAction\":[{\"@type\":\"SearchAction\",\"target\":{\"@type\":\"EntryPoint\",\"urlTemplate\":\"https:\/\/anigami.studio\/?s={search_term_string}\"},\"query-input\":{\"@type\":\"PropertyValueSpecification\",\"valueRequired\":true,\"valueName\":\"search_term_string\"}}],\"inLanguage\":\"en-US\"},{\"@type\":\"Organization\",\"@id\":\"https:\/\/anigami.studio\/#organization\",\"name\":\"ANIGAMI Studio\",\"url\":\"https:\/\/anigami.studio\/\",\"logo\":{\"@type\":\"ImageObject\",\"inLanguage\":\"en-US\",\"@id\":\"https:\/\/anigami.studio\/#\/schema\/logo\/image\/\",\"url\":\"https:\/\/anigami.studio\/wp-content\/uploads\/2025\/07\/cropped-anigami_studio_imago-1.png\",\"contentUrl\":\"https:\/\/anigami.studio\/wp-content\/uploads\/2025\/07\/cropped-anigami_studio_imago-1.png\",\"width\":512,\"height\":512,\"caption\":\"ANIGAMI Studio\"},\"image\":{\"@id\":\"https:\/\/anigami.studio\/#\/schema\/logo\/image\/\"},\"sameAs\":[\"https:\/\/www.facebook.com\/ignuscorp\",\"https:\/\/x.com\/ignuscorp\",\"https:\/\/www.instagram.com\/ignuscorp\",\"https:\/\/www.linkedin.com\/company\/ignuscorp\"]}]}<\/script>\n<!-- \/ Yoast SEO plugin. -->","yoast_head_json":{"title":"Soluciones por tipo | ANIGAMI Studio","robots":{"index":"index","follow":"follow","max-snippet":"max-snippet:-1","max-image-preview":"max-image-preview:large","max-video-preview":"max-video-preview:-1"},"canonical":"https:\/\/anigami.studio\/en\/soluciones-tipo\/","og_locale":"en_US","og_type":"article","og_title":"Soluciones por tipo | ANIGAMI Studio","og_url":"https:\/\/anigami.studio\/en\/soluciones-tipo\/","og_site_name":"ANIGAMI Studio","article_publisher":"https:\/\/www.facebook.com\/ignuscorp","article_modified_time":"2025-07-09T07:23:27+00:00","og_image":[{"width":512,"height":512,"url":"https:\/\/anigami.studio\/wp-content\/uploads\/2025\/07\/cropped-anigami_studio_imago-1.png","type":"image\/png"}],"twitter_card":"summary_large_image","twitter_site":"@ignuscorp","schema":{"@context":"https:\/\/schema.org","@graph":[{"@type":"WebPage","@id":"https:\/\/anigami.studio\/soluciones-tipo\/","url":"https:\/\/anigami.studio\/soluciones-tipo\/","name":"Soluciones por tipo | ANIGAMI Studio","isPartOf":{"@id":"https:\/\/anigami.studio\/#website"},"datePublished":"2021-02-25T17:34:47+00:00","dateModified":"2025-07-09T07:23:27+00:00","breadcrumb":{"@id":"https:\/\/anigami.studio\/soluciones-tipo\/#breadcrumb"},"inLanguage":"en-US","potentialAction":[{"@type":"ReadAction","target":["https:\/\/anigami.studio\/soluciones-tipo\/"]}]},{"@type":"BreadcrumbList","@id":"https:\/\/anigami.studio\/soluciones-tipo\/#breadcrumb","itemListElement":[{"@type":"ListItem","position":1,"name":"Home","item":"https:\/\/anigami.studio\/"},{"@type":"ListItem","position":2,"name":"Soluciones por tipo"}]},{"@type":"WebSite","@id":"https:\/\/anigami.studio\/#website","url":"https:\/\/anigami.studio\/","name":"ANIGAMI Studio","description":"ANIGAMI Studio is your on-demand Software Agency and Zoho Partner","publisher":{"@id":"https:\/\/anigami.studio\/#organization"},"potentialAction":[{"@type":"SearchAction","target":{"@type":"EntryPoint","urlTemplate":"https:\/\/anigami.studio\/?s={search_term_string}"},"query-input":{"@type":"PropertyValueSpecification","valueRequired":true,"valueName":"search_term_string"}}],"inLanguage":"en-US"},{"@type":"Organization","@id":"https:\/\/anigami.studio\/#organization","name":"ANIGAMI Studio","url":"https:\/\/anigami.studio\/","logo":{"@type":"ImageObject","inLanguage":"en-US","@id":"https:\/\/anigami.studio\/#\/schema\/logo\/image\/","url":"https:\/\/anigami.studio\/wp-content\/uploads\/2025\/07\/cropped-anigami_studio_imago-1.png","contentUrl":"https:\/\/anigami.studio\/wp-content\/uploads\/2025\/07\/cropped-anigami_studio_imago-1.png","width":512,"height":512,"caption":"ANIGAMI Studio"},"image":{"@id":"https:\/\/anigami.studio\/#\/schema\/logo\/image\/"},"sameAs":["https:\/\/www.facebook.com\/ignuscorp","https:\/\/x.com\/ignuscorp","https:\/\/www.instagram.com\/ignuscorp","https:\/\/www.linkedin.com\/company\/ignuscorp"]}]}},"_links":{"self":[{"href":"https:\/\/anigami.studio\/en\/wp-json\/wp\/v2\/pages\/1838","targetHints":{"allow":["GET"]}}],"collection":[{"href":"https:\/\/anigami.studio\/en\/wp-json\/wp\/v2\/pages"}],"about":[{"href":"https:\/\/anigami.studio\/en\/wp-json\/wp\/v2\/types\/page"}],"author":[{"embeddable":true,"href":"https:\/\/anigami.studio\/en\/wp-json\/wp\/v2\/users\/1"}],"replies":[{"embeddable":true,"href":"https:\/\/anigami.studio\/en\/wp-json\/wp\/v2\/comments?post=1838"}],"version-history":[{"count":0,"href":"https:\/\/anigami.studio\/en\/wp-json\/wp\/v2\/pages\/1838\/revisions"}],"wp:attachment":[{"href":"https:\/\/anigami.studio\/en\/wp-json\/wp\/v2\/media?parent=1838"}],"curies":[{"name":"wp","href":"https:\/\/api.w.org\/{rel}","templated":true}]}}