{"id":1840,"date":"2021-02-25T17:37:11","date_gmt":"2021-02-25T17:37:11","guid":{"rendered":"https:\/\/sandbox.ignus.mx\/?page_id=1840"},"modified":"2025-03-31T23:25:14","modified_gmt":"2025-03-31T23:25:14","slug":"soluciones-zoho","status":"publish","type":"page","link":"https:\/\/anigami.studio\/en\/soluciones-zoho\/","title":{"rendered":"Zoho Suite Solutions"},"content":{"rendered":"<div data-vc-full-width=\"true\" data-vc-full-width-init=\"false\" data-vc-stretch-content=\"true\" class=\"vc_row wpb_row vc_row-fluid vc_row-5ca206d07ca3b vc_row-no-padding\"><div class=\"wpb_column vc_column_container vc_col-sm-12\"><div class=\"vc_column-inner\" style=\"  \"><div class=\"wpb_wrapper\">    <section class=\"banner-area banner-area-5ca20673a9716 bsl-left\">\n              <div class=\"banner-social-links\">\n          <div class=\"social-links\"><a href=\"https:\/\/www.facebook.com\/ignuscorp\"><span>fb<\/span><span>Facebook<\/span><\/a><a href=\"https:\/\/twitter.com\/ignuscorp\"><span>tw<\/span><span>Twitter<\/span><\/a><a href=\"https:\/\/www.instagram.com\/ignuscorp\/\"><span>in<\/span><span>Instagram<\/span><\/a><a href=\"https:\/\/www.linkedin.com\/company\/ignuscorp\"><span>li<\/span><span>LinkedIn<\/span><\/a><a href=\"https:\/\/api.whatsapp.com\/send?phone=523319304206\"><span>wa<\/span><span>Whatsapp<\/span><\/a><\/div>\n        <\/div>\n            <div class=\"banner-item tar\" style=\"background-image: url(https:\/\/anigami.studio\/wp-content\/uploads\/2021\/02\/banner-soluciones-zoho-1-scaled.jpg);\">\n        \n    <div class=\"bg-overlay\">\n          <\/div>\n\n            <div class=\"container\">\n          <div class=\"row align-items-center fixed-height\" style=\"height: 575px;\">\n            <div class=\"col\">\n                              <div class=\"heading-block tar\">\n                                      <div class=\"sub-h\">ZOHO SUITE<\/div>\n                                      <h2 class=\"h\">Manage and run your business<br \/>\nfrom anywhere.<\/h2>\n                                  <\/div>\n                              <a class=\"button-style1\" href=\"https:\/\/payments.zoho.com\/ResellerCustomerSignUp.do?id=6c0d65da2c48543f01e7725dcc501a9e&amp;locale=en\" target=\"_self\"><span class=\"d\"><span><\/span><\/span><span>Begin free trial<\/span><\/a>\n                          <\/div>\n          <\/div>\n        <\/div>\n      <\/div>\n    <\/section>\n    <\/div><\/div><\/div><\/div><div class=\"vc_row-full-width vc_clearfix\"><\/div><div class=\"vc_row wpb_row vc_row-fluid vc_row-\"><div class=\"wpb_column vc_column_container vc_col-sm-12\"><div class=\"vc_column-inner\" style=\"  \"><div class=\"wpb_wrapper\">      <div class=\"heading-block heading-6046c490ffb71 tal h-h5\">\n                  <div class=\"sub-h\">ZOHO SUITE<\/div>\n                  <h5 class=\"h\">RUN YOUR ENTIRE BUSINESS WITH 40+ INTEGRATED APPLICATIONS<\/h5>\n              <\/div>\n    \n\t<div class=\"wpb_text_column wpb_content_element\" >\n\t\t<div class=\"wpb_wrapper\">\n\t\t\t<p>Thanks to Zoho, you will be able to manage, connect and automate business processes across your organization.<br \/>\nExperience the Operating System for Business.<\/p>\n\n\t\t<\/div>\n\t<\/div>\n<\/div><\/div><\/div><\/div><div class=\"vc_row wpb_row vc_row-fluid vc_row-\"><div class=\"wpb_column vc_column_container vc_col-sm-6\"><div class=\"vc_column-inner\" style=\"  \"><div class=\"wpb_wrapper\">    <div class=\"accordion-block accordion-block- vc_custom_1614196037173\">\n          <div class=\"accordion-item accordion-item-6036ae6c6f5cb current\">\n      <div class=\"top\">SALES &amp; MARKETING        <div class=\"button\"><\/div>\n      <\/div>\n      <div class=\"wrap\" style=\"display: block;\">Give your sales team the perfect set of apps to help close more business deals in less time.<\/p>\n<p>CRM, email marketing, social campaigns, e-commerce, online booking &amp; more...<\/div>\n    <\/div>\n        <div class=\"accordion-item accordion-item-6036f12db890d\">\n      <div class=\"top\">FINANCE        <div class=\"button\"><\/div>\n      <\/div>\n      <div class=\"wrap\">Solve business accounting challenges using our perfect set of finance apps on the cloud.<\/p>\n<p>Accountability, inventory, suscriptions &amp; more...<\/div>\n    <\/div>\n        <div class=\"accordion-item accordion-item-6036f14a19ca4\">\n      <div class=\"top\">IT AND HELP DESK        <div class=\"button\"><\/div>\n      <\/div>\n      <div class=\"wrap\">Be right where your customers are with apps to help your business engage with them.<\/p>\n<p>Helpdesk &amp; customer service, remote assistance &amp; more...<\/div>\n    <\/div>\n        <\/div>\n    <\/div><\/div><\/div><div class=\"wpb_column vc_column_container vc_col-sm-6\"><div class=\"vc_column-inner\" style=\"  \"><div class=\"wpb_wrapper\">    <div class=\"accordion-block accordion-block-6036ab6379bce vc_custom_1614196037173\">\n          <div class=\"accordion-item accordion-item-6036f180e16de\">\n      <div class=\"top\">EMAIL &amp; COLLABORATION        <div class=\"button\"><\/div>\n      <\/div>\n      <div class=\"wrap\">Empower your workforce with apps to collaborate and transform the way they work.<\/p>\n<p>Email, collaborative documents, project management, web meetings &amp; more...<\/div>\n    <\/div>\n        <div class=\"accordion-item accordion-item-6036f19134018\">\n      <div class=\"top\">HUMAN RESOURCES        <div class=\"button\"><\/div>\n      <\/div>\n      <div class=\"wrap\">Focus on your people while our apps automate your human resources processes.<\/p>\n<p>Recruitment, people management &amp; more...<\/div>\n    <\/div>\n        <div class=\"accordion-item accordion-item-6036f1a7bf863 current\">\n      <div class=\"top\">BUSINESS INTELLIGENCE        <div class=\"button\"><\/div>\n      <\/div>\n      <div class=\"wrap\" style=\"display: block;\">Empower your business with deep insights from your data, with our business intelligence and analytics app.<\/p>\n<p>Analysis &amp; reporting, big data, automation, processes orchestration &amp; more...<\/div>\n    <\/div>\n        <\/div>\n    <\/div><\/div><\/div><div class=\"wpb_column vc_column_container vc_col-sm-12\"><div class=\"vc_column-inner\" style=\"  \"><div class=\"wpb_wrapper\"><div class=\"vc_empty_space\"   style=\"height: 32px\"><span class=\"vc_empty_space_inner\"><\/span><\/div><\/div><\/div><\/div><\/div><div class=\"vc_row wpb_row vc_row-fluid vc_row-\"><div class=\"wpb_column vc_column_container vc_col-sm-6\"><div class=\"vc_column-inner\" style=\"  \"><div class=\"wpb_wrapper\">          <div class=\"button-container button-60475847b8aca center\">\n        <a class=\"button-style1\" href=\"https:\/\/store.zoho.com\/ResellerCustomerSignUp.do?id=6c0d65da2c48543f01e7725dcc501a9e&#038;locale=es\" target=\"_blank\">\n                      <span class=\"d\"><span><\/span><\/span>\n                    <span>Begin free trial<\/span>\n        <\/a>\n      <\/div>\n        \n\t<div class=\"wpb_text_column wpb_content_element\" >\n\t\t<div class=\"wpb_wrapper\">\n\t\t\t<p style=\"text-align: center;\"><span style=\"font-size: 10pt; color: #808080;\"><em>* We will get in touch with you<br \/>\n<\/em><\/span><span style=\"font-size: 10pt; color: #808080;\"><em>during your free trial to advise you.<\/em><\/span><\/p>\n\n\t\t<\/div>\n\t<\/div>\n<\/div><\/div><\/div><div class=\"wpb_column vc_column_container vc_col-sm-6\"><div class=\"vc_column-inner\" style=\"  \"><div class=\"wpb_wrapper\">\n\t<div  class=\"wpb_single_image wpb_content_element vc_align_center\">\n\t\t\n\t\t<figure class=\"wpb_wrapper vc_figure\">\n\t\t\t<a href=\"https:\/\/www.zoho.com\/partners\/find-partner-profile.html?partnerid=8f5f1f991cd6ac724b1d99e69490a609\" target=\"_blank\" class=\"vc_single_image-wrapper   vc_box_border_grey\"><img decoding=\"async\" width=\"300\" height=\"79\" src=\"https:\/\/anigami.studio\/wp-content\/uploads\/2023\/05\/advanced_partner-300x79.png\" class=\"vc_single_image-img attachment-medium\" alt=\"\" srcset=\"https:\/\/anigami.studio\/wp-content\/uploads\/2023\/05\/advanced_partner-300x79.png 300w, https:\/\/anigami.studio\/wp-content\/uploads\/2023\/05\/advanced_partner-1024x270.png 1024w, https:\/\/anigami.studio\/wp-content\/uploads\/2023\/05\/advanced_partner-768x203.png 768w, https:\/\/anigami.studio\/wp-content\/uploads\/2023\/05\/advanced_partner-1536x405.png 1536w, https:\/\/anigami.studio\/wp-content\/uploads\/2023\/05\/advanced_partner-2048x541.png 2048w, https:\/\/anigami.studio\/wp-content\/uploads\/2023\/05\/advanced_partner-16x4.png 16w\" sizes=\"(max-width: 300px) 100vw, 300px\" \/><\/a>\n\t\t<\/figure>\n\t<\/div>\n<\/div><\/div><\/div><\/div><div class=\"vc_row wpb_row vc_row-fluid vc_row-60381c8576438\"><div class=\"wpb_column vc_column_container vc_col-sm-12\"><div class=\"vc_column-inner\" style=\"  \"><div class=\"wpb_wrapper\"><div class=\"vc_separator wpb_content_element vc_separator_align_center vc_sep_width_100 vc_sep_pos_align_center vc_separator_no_text\" ><span class=\"vc_sep_holder vc_sep_holder_l\"><span  style=\"border-color:#724809;\" class=\"vc_sep_line\"><\/span><\/span><span class=\"vc_sep_holder vc_sep_holder_r\"><span  style=\"border-color:#724809;\" class=\"vc_sep_line\"><\/span><\/span>\n<\/div><\/div><\/div><\/div><\/div><div class=\"vc_row wpb_row vc_row-fluid vc_row-\"><div class=\"wpb_column vc_column_container vc_col-sm-1\/5\"><div class=\"vc_column-inner\" style=\"  \"><div class=\"wpb_wrapper\">\n\t<div  class=\"wpb_single_image wpb_content_element vc_align_center\">\n\t\t\n\t\t<figure class=\"wpb_wrapper vc_figure\">\n\t\t\t<div class=\"vc_single_image-wrapper   vc_box_border_grey\"><img decoding=\"async\" class=\"vc_single_image-img\" src=\"https:\/\/anigami.studio\/wp-content\/uploads\/2021\/02\/crm-8-100x100.png\" width=\"100\" height=\"100\" alt=\"crm-8\" title=\"crm-8\" \/><\/div>\n\t\t<\/figure>\n\t<\/div>\n\n\t<div  class=\"wpb_single_image wpb_content_element vc_align_center\">\n\t\t\n\t\t<figure class=\"wpb_wrapper vc_figure\">\n\t\t\t<div class=\"vc_single_image-wrapper   vc_box_border_grey\"><img decoding=\"async\" class=\"vc_single_image-img\" src=\"https:\/\/anigami.studio\/wp-content\/uploads\/2021\/02\/proyects-8-100x100.png\" width=\"100\" height=\"100\" alt=\"proyects-8\" title=\"proyects-8\" \/><\/div>\n\t\t<\/figure>\n\t<\/div>\n<\/div><\/div><\/div><div class=\"wpb_column vc_column_container vc_col-sm-1\/5\"><div class=\"vc_column-inner\" style=\"  \"><div class=\"wpb_wrapper\">\n\t<div  class=\"wpb_single_image wpb_content_element vc_align_center\">\n\t\t\n\t\t<figure class=\"wpb_wrapper vc_figure\">\n\t\t\t<div class=\"vc_single_image-wrapper   vc_box_border_grey\"><img loading=\"lazy\" decoding=\"async\" class=\"vc_single_image-img\" src=\"https:\/\/anigami.studio\/wp-content\/uploads\/2021\/02\/mail-8-100x100.png\" width=\"100\" height=\"100\" alt=\"mail-8\" title=\"mail-8\" \/><\/div>\n\t\t<\/figure>\n\t<\/div>\n\n\t<div  class=\"wpb_single_image wpb_content_element vc_align_center\">\n\t\t\n\t\t<figure class=\"wpb_wrapper vc_figure\">\n\t\t\t<div class=\"vc_single_image-wrapper   vc_box_border_grey\"><img loading=\"lazy\" decoding=\"async\" class=\"vc_single_image-img\" src=\"https:\/\/anigami.studio\/wp-content\/uploads\/2021\/02\/analitics-8-100x100.png\" width=\"100\" height=\"100\" alt=\"analitics-8\" title=\"analitics-8\" \/><\/div>\n\t\t<\/figure>\n\t<\/div>\n<\/div><\/div><\/div><div class=\"wpb_column vc_column_container vc_col-sm-1\/5\"><div class=\"vc_column-inner\" style=\"  \"><div class=\"wpb_wrapper\">\n\t<div  class=\"wpb_single_image wpb_content_element vc_align_center\">\n\t\t\n\t\t<figure class=\"wpb_wrapper vc_figure\">\n\t\t\t<div class=\"vc_single_image-wrapper   vc_box_border_grey\"><img loading=\"lazy\" decoding=\"async\" class=\"vc_single_image-img\" src=\"https:\/\/anigami.studio\/wp-content\/uploads\/2021\/02\/books-8-100x100.png\" width=\"100\" height=\"100\" alt=\"books-8\" title=\"books-8\" \/><\/div>\n\t\t<\/figure>\n\t<\/div>\n\n\t<div  class=\"wpb_single_image wpb_content_element vc_align_center\">\n\t\t\n\t\t<figure class=\"wpb_wrapper vc_figure\">\n\t\t\t<div class=\"vc_single_image-wrapper   vc_box_border_grey\"><img loading=\"lazy\" decoding=\"async\" class=\"vc_single_image-img\" src=\"https:\/\/anigami.studio\/wp-content\/uploads\/2021\/02\/003-8-100x100.png\" width=\"100\" height=\"100\" alt=\"003-8\" title=\"003-8\" \/><\/div>\n\t\t<\/figure>\n\t<\/div>\n<\/div><\/div><\/div><div class=\"wpb_column vc_column_container vc_col-sm-1\/5\"><div class=\"vc_column-inner\" style=\"  \"><div class=\"wpb_wrapper\">\n\t<div  class=\"wpb_single_image wpb_content_element vc_align_center\">\n\t\t\n\t\t<figure class=\"wpb_wrapper vc_figure\">\n\t\t\t<div class=\"vc_single_image-wrapper   vc_box_border_grey\"><img loading=\"lazy\" decoding=\"async\" class=\"vc_single_image-img\" src=\"https:\/\/anigami.studio\/wp-content\/uploads\/2021\/02\/002-8-100x100.png\" width=\"100\" height=\"100\" alt=\"002-8\" title=\"002-8\" \/><\/div>\n\t\t<\/figure>\n\t<\/div>\n\n\t<div  class=\"wpb_single_image wpb_content_element vc_align_center\">\n\t\t\n\t\t<figure class=\"wpb_wrapper vc_figure\">\n\t\t\t<div class=\"vc_single_image-wrapper   vc_box_border_grey\"><img loading=\"lazy\" decoding=\"async\" class=\"vc_single_image-img\" src=\"https:\/\/anigami.studio\/wp-content\/uploads\/2021\/02\/drive-8-100x100.png\" width=\"100\" height=\"100\" alt=\"drive-8\" title=\"drive-8\" \/><\/div>\n\t\t<\/figure>\n\t<\/div>\n<\/div><\/div><\/div><div class=\"wpb_column vc_column_container vc_col-sm-1\/5\"><div class=\"vc_column-inner\" style=\"  \"><div class=\"wpb_wrapper\">\n\t<div  class=\"wpb_single_image wpb_content_element vc_align_center\">\n\t\t\n\t\t<figure class=\"wpb_wrapper vc_figure\">\n\t\t\t<div class=\"vc_single_image-wrapper   vc_box_border_grey\"><img loading=\"lazy\" decoding=\"async\" class=\"vc_single_image-img\" src=\"https:\/\/anigami.studio\/wp-content\/uploads\/2021\/02\/desk-8-100x100.png\" width=\"100\" height=\"100\" alt=\"desk-8\" title=\"desk-8\" \/><\/div>\n\t\t<\/figure>\n\t<\/div>\n\n\t<div  class=\"wpb_single_image wpb_content_element vc_align_center\">\n\t\t\n\t\t<figure class=\"wpb_wrapper vc_figure\">\n\t\t\t<div class=\"vc_single_image-wrapper   vc_box_border_grey\"><img loading=\"lazy\" decoding=\"async\" class=\"vc_single_image-img\" src=\"https:\/\/anigami.studio\/wp-content\/uploads\/2021\/02\/campaing-8-100x100.png\" width=\"100\" height=\"100\" alt=\"campaing-8\" title=\"campaing-8\" \/><\/div>\n\t\t<\/figure>\n\t<\/div>\n<\/div><\/div><\/div><\/div><div class=\"vc_row wpb_row vc_row-fluid vc_row-\"><div class=\"wpb_column vc_column_container vc_col-sm-12\"><div class=\"vc_column-inner\" style=\"  \"><div class=\"wpb_wrapper\">      <div class=\"heading-block heading-6036a9f725e2b tal h-h6\">\n                  <div class=\"sub-h\">Your Life's Work, Powered By ZOHO.<\/div>\n                  <h6 class=\"h\">Unique and powerful suite of software to run your entire business, brought to you by a company with the long term vision to transform the way you work.<\/h6>\n              <\/div>\n              <div class=\"button-container button-604758db587a8 left\">\n        <a class=\"button-style1\" href=\"https:\/\/zoho.com\" target=\"_blank\">\n                      <span class=\"d\"><span><\/span><\/span>\n                    <span>Know More<\/span>\n        <\/a>\n      <\/div>\n        <div class=\"vc_empty_space\"   style=\"height: 50px\"><span class=\"vc_empty_space_inner\"><\/span><\/div><div class=\"vc_separator wpb_content_element vc_separator_align_center vc_sep_width_100 vc_sep_pos_align_center vc_separator_no_text\" ><span class=\"vc_sep_holder vc_sep_holder_l\"><span  style=\"border-color:#724809;\" class=\"vc_sep_line\"><\/span><\/span><span class=\"vc_sep_holder vc_sep_holder_r\"><span  style=\"border-color:#724809;\" class=\"vc_sep_line\"><\/span><\/span>\n<\/div><div class=\"vc_empty_space\"   style=\"height: 50px\"><span class=\"vc_empty_space_inner\"><\/span><\/div>      <div class=\"heading-block heading-6036f29c565ec tal h-h2\">\n                  <div class=\"sub-h\">Our Solutions<\/div>\n              <\/div>\n        <div class=\"services-area testimonials-items-6036872efc464\">\n      <div class=\"services-carousel\">\n            <div class=\"item services-area-603687425e5b5\">\n              <div class=\"num\"><span><\/span><\/div>\n            <div class=\"wrap\">\n                  <div class=\"h\">By Type<\/div>\n                  <div class=\"img\" style=\"background-image: url(https:\/\/anigami.studio\/wp-content\/uploads\/2021\/02\/portafolio-02-1024x638.jpg);\"><\/div>\n              <\/div>\n              <a href=\"https:\/\/anigami.studio\/en\/soluciones-tipo\/\" target=\"_self\"><\/a>\n          <\/div>\n        <div class=\"item services-area-60368ec7203bf\">\n              <div class=\"num\"><span><\/span><\/div>\n            <div class=\"wrap\">\n                  <div class=\"h\">By Industry<\/div>\n                  <div class=\"img\" style=\"background-image: url(https:\/\/anigami.studio\/wp-content\/uploads\/2021\/02\/geinn-1024x638.jpg);\"><\/div>\n              <\/div>\n              <a href=\"https:\/\/anigami.studio\/en\/soluciones-industria\/\" target=\"_self\"><\/a>\n          <\/div>\n        <div class=\"item services-area-60368f3a66f89\">\n              <div class=\"num\"><span><\/span><\/div>\n            <div class=\"wrap\">\n                  <div class=\"h\">Zoho Suite<\/div>\n                  <div class=\"img\" style=\"background-image: url(https:\/\/anigami.studio\/wp-content\/uploads\/2021\/02\/portafolio-01-1024x638.jpg);\"><\/div>\n              <\/div>\n              <a href=\"https:\/\/anigami.studio\/en\/soluciones-zoho\/\" target=\"_self\"><\/a>\n          <\/div>\n        <div class=\"item services-area-60368f7faff02\">\n              <div class=\"num\"><span><\/span><\/div>\n            <div class=\"wrap\">\n                  <div class=\"h\">Vertical Solutions<\/div>\n                  <div class=\"img\" style=\"background-image: url(https:\/\/anigami.studio\/wp-content\/uploads\/2021\/02\/banner-soluciones-vert-1-1024x433.jpg);\"><\/div>\n              <\/div>\n              <a href=\"https:\/\/anigami.studio\/en\/soluciones-verticales\/\" target=\"_self\"><\/a>\n          <\/div>\n          <\/div>\n          <\/div>\n    <\/div><\/div><\/div><\/div><div class=\"vc_row wpb_row vc_row-fluid vc_row-\"><div class=\"wpb_column vc_column_container vc_col-sm-12\"><div class=\"vc_column-inner\" style=\"  \"><div class=\"wpb_wrapper\"><div class=\"vc_empty_space\"   style=\"height: 100px\"><span class=\"vc_empty_space_inner\"><\/span><\/div><\/div><\/div><\/div><\/div>","protected":false},"excerpt":{"rendered":"fbFacebooktwTwitterinInstagramliLinkedInwaWhatsapp ZOHO SUITE Gestione y opere su negocio desde cualquier lugar. Comenzar prueba gratuita ZOHO SUITE GESTIONE TODA SU EMPRESA CON M\u00c1S DE 40 APLICACIONES INTEGRADAS Gracias a Zoho, podr\u00e1 gestionar, conectar y automatizar los procesos empresariales de toda su organizaci\u00f3n. Experimente el sistema operativo para las empresas. VENTAS Y MERCADEO Br\u00edndele a su equipo [...]","protected":false},"author":1,"featured_media":0,"parent":0,"menu_order":0,"comment_status":"closed","ping_status":"closed","template":"template-landing.php","meta":{"_acf_changed":false,"footnotes":""},"class_list":["post-1840","page","type-page","status-publish","hentry"],"acf":[],"yoast_head":"<!-- This site is optimized with the Yoast SEO plugin v25.4 - https:\/\/yoast.com\/wordpress\/plugins\/seo\/ -->\n<title>Soluciones Zoho Suite | ANIGAMI Studio<\/title>\n<meta name=\"robots\" content=\"index, follow, max-snippet:-1, max-image-preview:large, max-video-preview:-1\" \/>\n<link rel=\"canonical\" href=\"https:\/\/anigami.studio\/en\/soluciones-zoho\/\" \/>\n<meta property=\"og:locale\" content=\"en_US\" \/>\n<meta property=\"og:type\" content=\"article\" \/>\n<meta property=\"og:title\" content=\"Soluciones Zoho Suite | ANIGAMI Studio\" \/>\n<meta property=\"og:url\" content=\"https:\/\/anigami.studio\/en\/soluciones-zoho\/\" \/>\n<meta property=\"og:site_name\" content=\"ANIGAMI Studio\" \/>\n<meta property=\"article:publisher\" content=\"https:\/\/www.facebook.com\/ignuscorp\" \/>\n<meta property=\"article:modified_time\" content=\"2025-03-31T23:25:14+00:00\" \/>\n<meta property=\"og:image\" content=\"https:\/\/anigami.studio\/wp-content\/uploads\/2025\/07\/cropped-anigami_studio_imago-1.png\" \/>\n\t<meta property=\"og:image:width\" content=\"512\" \/>\n\t<meta property=\"og:image:height\" content=\"512\" \/>\n\t<meta property=\"og:image:type\" content=\"image\/png\" \/>\n<meta name=\"twitter:card\" content=\"summary_large_image\" \/>\n<meta name=\"twitter:site\" content=\"@ignuscorp\" \/>\n<script type=\"application\/ld+json\" class=\"yoast-schema-graph\">{\"@context\":\"https:\/\/schema.org\",\"@graph\":[{\"@type\":\"WebPage\",\"@id\":\"https:\/\/anigami.studio\/soluciones-zoho\/\",\"url\":\"https:\/\/anigami.studio\/soluciones-zoho\/\",\"name\":\"Soluciones Zoho Suite | ANIGAMI Studio\",\"isPartOf\":{\"@id\":\"https:\/\/anigami.studio\/#website\"},\"datePublished\":\"2021-02-25T17:37:11+00:00\",\"dateModified\":\"2025-03-31T23:25:14+00:00\",\"breadcrumb\":{\"@id\":\"https:\/\/anigami.studio\/soluciones-zoho\/#breadcrumb\"},\"inLanguage\":\"en-US\",\"potentialAction\":[{\"@type\":\"ReadAction\",\"target\":[\"https:\/\/anigami.studio\/soluciones-zoho\/\"]}]},{\"@type\":\"BreadcrumbList\",\"@id\":\"https:\/\/anigami.studio\/soluciones-zoho\/#breadcrumb\",\"itemListElement\":[{\"@type\":\"ListItem\",\"position\":1,\"name\":\"Home\",\"item\":\"https:\/\/anigami.studio\/\"},{\"@type\":\"ListItem\",\"position\":2,\"name\":\"Soluciones Zoho Suite\"}]},{\"@type\":\"WebSite\",\"@id\":\"https:\/\/anigami.studio\/#website\",\"url\":\"https:\/\/anigami.studio\/\",\"name\":\"ANIGAMI Studio\",\"description\":\"ANIGAMI Studio is your on-demand Software Agency and Zoho Partner\",\"publisher\":{\"@id\":\"https:\/\/anigami.studio\/#organization\"},\"potentialAction\":[{\"@type\":\"SearchAction\",\"target\":{\"@type\":\"EntryPoint\",\"urlTemplate\":\"https:\/\/anigami.studio\/?s={search_term_string}\"},\"query-input\":{\"@type\":\"PropertyValueSpecification\",\"valueRequired\":true,\"valueName\":\"search_term_string\"}}],\"inLanguage\":\"en-US\"},{\"@type\":\"Organization\",\"@id\":\"https:\/\/anigami.studio\/#organization\",\"name\":\"ANIGAMI Studio\",\"url\":\"https:\/\/anigami.studio\/\",\"logo\":{\"@type\":\"ImageObject\",\"inLanguage\":\"en-US\",\"@id\":\"https:\/\/anigami.studio\/#\/schema\/logo\/image\/\",\"url\":\"https:\/\/anigami.studio\/wp-content\/uploads\/2025\/07\/cropped-anigami_studio_imago-1.png\",\"contentUrl\":\"https:\/\/anigami.studio\/wp-content\/uploads\/2025\/07\/cropped-anigami_studio_imago-1.png\",\"width\":512,\"height\":512,\"caption\":\"ANIGAMI Studio\"},\"image\":{\"@id\":\"https:\/\/anigami.studio\/#\/schema\/logo\/image\/\"},\"sameAs\":[\"https:\/\/www.facebook.com\/ignuscorp\",\"https:\/\/x.com\/ignuscorp\",\"https:\/\/www.instagram.com\/ignuscorp\",\"https:\/\/www.linkedin.com\/company\/ignuscorp\"]}]}<\/script>\n<!-- \/ Yoast SEO plugin. -->","yoast_head_json":{"title":"Soluciones Zoho Suite | ANIGAMI Studio","robots":{"index":"index","follow":"follow","max-snippet":"max-snippet:-1","max-image-preview":"max-image-preview:large","max-video-preview":"max-video-preview:-1"},"canonical":"https:\/\/anigami.studio\/en\/soluciones-zoho\/","og_locale":"en_US","og_type":"article","og_title":"Soluciones Zoho Suite | ANIGAMI Studio","og_url":"https:\/\/anigami.studio\/en\/soluciones-zoho\/","og_site_name":"ANIGAMI Studio","article_publisher":"https:\/\/www.facebook.com\/ignuscorp","article_modified_time":"2025-03-31T23:25:14+00:00","og_image":[{"width":512,"height":512,"url":"https:\/\/anigami.studio\/wp-content\/uploads\/2025\/07\/cropped-anigami_studio_imago-1.png","type":"image\/png"}],"twitter_card":"summary_large_image","twitter_site":"@ignuscorp","schema":{"@context":"https:\/\/schema.org","@graph":[{"@type":"WebPage","@id":"https:\/\/anigami.studio\/soluciones-zoho\/","url":"https:\/\/anigami.studio\/soluciones-zoho\/","name":"Soluciones Zoho Suite | ANIGAMI Studio","isPartOf":{"@id":"https:\/\/anigami.studio\/#website"},"datePublished":"2021-02-25T17:37:11+00:00","dateModified":"2025-03-31T23:25:14+00:00","breadcrumb":{"@id":"https:\/\/anigami.studio\/soluciones-zoho\/#breadcrumb"},"inLanguage":"en-US","potentialAction":[{"@type":"ReadAction","target":["https:\/\/anigami.studio\/soluciones-zoho\/"]}]},{"@type":"BreadcrumbList","@id":"https:\/\/anigami.studio\/soluciones-zoho\/#breadcrumb","itemListElement":[{"@type":"ListItem","position":1,"name":"Home","item":"https:\/\/anigami.studio\/"},{"@type":"ListItem","position":2,"name":"Soluciones Zoho Suite"}]},{"@type":"WebSite","@id":"https:\/\/anigami.studio\/#website","url":"https:\/\/anigami.studio\/","name":"ANIGAMI Studio","description":"ANIGAMI Studio is your on-demand Software Agency and Zoho Partner","publisher":{"@id":"https:\/\/anigami.studio\/#organization"},"potentialAction":[{"@type":"SearchAction","target":{"@type":"EntryPoint","urlTemplate":"https:\/\/anigami.studio\/?s={search_term_string}"},"query-input":{"@type":"PropertyValueSpecification","valueRequired":true,"valueName":"search_term_string"}}],"inLanguage":"en-US"},{"@type":"Organization","@id":"https:\/\/anigami.studio\/#organization","name":"ANIGAMI Studio","url":"https:\/\/anigami.studio\/","logo":{"@type":"ImageObject","inLanguage":"en-US","@id":"https:\/\/anigami.studio\/#\/schema\/logo\/image\/","url":"https:\/\/anigami.studio\/wp-content\/uploads\/2025\/07\/cropped-anigami_studio_imago-1.png","contentUrl":"https:\/\/anigami.studio\/wp-content\/uploads\/2025\/07\/cropped-anigami_studio_imago-1.png","width":512,"height":512,"caption":"ANIGAMI Studio"},"image":{"@id":"https:\/\/anigami.studio\/#\/schema\/logo\/image\/"},"sameAs":["https:\/\/www.facebook.com\/ignuscorp","https:\/\/x.com\/ignuscorp","https:\/\/www.instagram.com\/ignuscorp","https:\/\/www.linkedin.com\/company\/ignuscorp"]}]}},"_links":{"self":[{"href":"https:\/\/anigami.studio\/en\/wp-json\/wp\/v2\/pages\/1840","targetHints":{"allow":["GET"]}}],"collection":[{"href":"https:\/\/anigami.studio\/en\/wp-json\/wp\/v2\/pages"}],"about":[{"href":"https:\/\/anigami.studio\/en\/wp-json\/wp\/v2\/types\/page"}],"author":[{"embeddable":true,"href":"https:\/\/anigami.studio\/en\/wp-json\/wp\/v2\/users\/1"}],"replies":[{"embeddable":true,"href":"https:\/\/anigami.studio\/en\/wp-json\/wp\/v2\/comments?post=1840"}],"version-history":[{"count":0,"href":"https:\/\/anigami.studio\/en\/wp-json\/wp\/v2\/pages\/1840\/revisions"}],"wp:attachment":[{"href":"https:\/\/anigami.studio\/en\/wp-json\/wp\/v2\/media?parent=1840"}],"curies":[{"name":"wp","href":"https:\/\/api.w.org\/{rel}","templated":true}]}}