{"id":1842,"date":"2021-02-25T17:38:12","date_gmt":"2021-02-25T17:38:12","guid":{"rendered":"https:\/\/sandbox.ignus.mx\/?page_id=1842"},"modified":"2025-03-31T23:27:53","modified_gmt":"2025-03-31T23:27:53","slug":"soluciones-verticales","status":"publish","type":"page","link":"https:\/\/anigami.studio\/en\/soluciones-verticales\/","title":{"rendered":"Soluciones-verticales"},"content":{"rendered":"<div data-vc-full-width=\"true\" data-vc-full-width-init=\"false\" data-vc-stretch-content=\"true\" class=\"vc_row wpb_row vc_row-fluid vc_row-5ca206d07ca3b vc_row-no-padding\"><div class=\"wpb_column vc_column_container vc_col-sm-12\"><div class=\"vc_column-inner\" style=\"  \"><div class=\"wpb_wrapper\">    <section class=\"banner-area banner-area-5ca20673a9716 bsl-left\">\n              <div class=\"banner-social-links\">\n          <div class=\"social-links\"><a href=\"https:\/\/www.facebook.com\/ignuscorp\"><span>fb<\/span><span>Facebook<\/span><\/a><a href=\"https:\/\/twitter.com\/ignuscorp\"><span>tw<\/span><span>Twitter<\/span><\/a><a href=\"https:\/\/www.instagram.com\/ignuscorp\/\"><span>in<\/span><span>Instagram<\/span><\/a><a href=\"https:\/\/www.linkedin.com\/company\/ignuscorp\"><span>li<\/span><span>LinkedIn<\/span><\/a><a href=\"https:\/\/api.whatsapp.com\/send?phone=523319304206\"><span>wa<\/span><span>Whatsapp<\/span><\/a><\/div>\n        <\/div>\n            <div class=\"banner-item tar\" style=\"background-image: url(https:\/\/anigami.studio\/wp-content\/uploads\/2021\/02\/banner-soluciones-vert-1-scaled.jpg);\">\n        \n    <div class=\"bg-overlay\">\n          <\/div>\n\n            <div class=\"container\">\n          <div class=\"row align-items-center fixed-height\" style=\"height: 575px;\">\n            <div class=\"col\">\n                              <div class=\"heading-block tar\">\n                                      <div class=\"sub-h\">Vertical Solutions<\/div>\n                                      <h2 class=\"h\">Solutions for companies demanding specialized services.<\/h2>\n                                  <\/div>\n                              <a class=\"button-style1\" href=\"\/en\/#contact\" target=\"_self\"><span class=\"d\"><span><\/span><\/span><span>Request a service<\/span><\/a>\n                          <\/div>\n          <\/div>\n        <\/div>\n      <\/div>\n    <\/section>\n    <\/div><\/div><\/div><\/div><div class=\"vc_row-full-width vc_clearfix\"><\/div><div class=\"vc_row wpb_row vc_row-fluid vc_custom_1614290466806 vc_row-60381e1eb3720\"><div class=\"wpb_column vc_column_container vc_col-sm-12\"><div class=\"vc_column-inner\" style=\"  \"><div class=\"wpb_wrapper\">      <div class=\"heading-block heading-6036a9f725e2b tal h-h2\">\n                  <div class=\"sub-h\">Vertical Solutions<\/div>\n              <\/div>\n    <\/div><\/div><\/div><\/div><div class=\"vc_row wpb_row vc_row-fluid vc_custom_1614299341846 vc_row-603840c8f5d8c vc_row-has-fill vc_row-o-full-height vc_row-o-columns-middle vc_row-flex\"><div class=\"vertical-adj wpb_column vc_column_container vc_col-sm-4 vc_col-has-fill\"><div class=\"vc_column-inner vc_custom_1624489763342\" style=\"background-position: center center !important;  \"><div class=\"wpb_wrapper\"><\/div><\/div><\/div><div class=\"wpb_column vc_column_container vc_col-sm-8\"><div class=\"vc_column-inner vc_custom_1614369278005\" style=\"  \"><div class=\"wpb_wrapper\">\n\t<div  class=\"wpb_single_image wpb_content_element vc_align_left\">\n\t\t\n\t\t<figure class=\"wpb_wrapper vc_figure\">\n\t\t\t<div class=\"vc_single_image-wrapper   vc_box_border_grey\"><img decoding=\"async\" width=\"300\" height=\"65\" src=\"https:\/\/anigami.studio\/wp-content\/uploads\/2021\/03\/axenda-log-sol-300x65.png\" class=\"vc_single_image-img attachment-medium\" alt=\"\" srcset=\"https:\/\/anigami.studio\/wp-content\/uploads\/2021\/03\/axenda-log-sol-300x65.png 300w, https:\/\/anigami.studio\/wp-content\/uploads\/2021\/03\/axenda-log-sol-16x3.png 16w, https:\/\/anigami.studio\/wp-content\/uploads\/2021\/03\/axenda-log-sol.png 613w\" sizes=\"(max-width: 300px) 100vw, 300px\" \/><\/div>\n\t\t<\/figure>\n\t<\/div>\n      <div class=\"heading-block heading-60511ef4b0510 tal h-h2\">\n                  <div class=\"sub-h\">SMART PLATFORM FOR CONSTRUCTION MANAGEMENT<\/div>\n              <\/div>\n    \n\t<div class=\"wpb_text_column wpb_content_element\" >\n\t\t<div class=\"wpb_wrapper\">\n\t\t\t<p class=\"zw-paragraph heading0\" style=\"text-align: left;\" data-header=\"0\" data-textformat=\"{&quot;ff&quot;:&quot;Montserrat&quot;,&quot;fv&quot;:&quot;normal&quot;,&quot;td&quot;:&quot;none&quot;,&quot;cs&quot;:&quot;0pt&quot;,&quot;fw&quot;:&quot;none&quot;,&quot;fgc&quot;:&quot;rgb(30, 32, 33)&quot;,&quot;size&quot;:&quot;11.00&quot;,&quot;va&quot;:&quot;baseline&quot;,&quot;fw_i&quot;:400,&quot;type&quot;:&quot;text&quot;,&quot;fs&quot;:&quot;normal&quot;,&quot;bgc&quot;:&quot;rgba(0, 0, 0, 0)&quot;}\" data-margin-bottom=\"0pt\" data-hd-info=\"0\">Designed to help companies who want to control and manage their projects eficiently. Thanks to the use of Artificial Intelligence, it can estimate \"automagically\" the deadlines and progresses, as well as the total of resource to be used, allowing them to negotiate the best prices in the market.<span class=\"EOP\">\u00a0<\/span><\/p>\n\n\t\t<\/div>\n\t<\/div>\n    <div class=\"accordion-block accordion-block-6051526a72106\">\n          <div class=\"accordion-item accordion-item-605152721b656 current\">\n      <div class=\"top\">FOR MANAGERS        <div class=\"button\"><\/div>\n      <\/div>\n      <div class=\"wrap\" style=\"display: block;\">The system is ideal to know what is happening in each of your projects, in real time. Get reliable reports instantly so you can evaluate and make timely decisions.<\/p>\n<p>Smart reports, forecast, field management &amp; more...<\/div>\n    <\/div>\n        <div class=\"accordion-item accordion-item-6051530fd438b\">\n      <div class=\"top\">FOR SUPERVISORS        <div class=\"button\"><\/div>\n      <\/div>\n      <div class=\"wrap\">Field management has never been that simple. Organize your tasks in advance and obtain greater precision in the follow-up. Calculate and schedule your resources properly so you don't pause. Registering your progress and update your logs is a matter of seconds.<\/p>\n<p>Smart progress record, effective communication, share photos, documents &amp; more...<\/div>\n    <\/div>\n        <div class=\"accordion-item accordion-item-605153df52a67\">\n      <div class=\"top\">FOR THE PURCHASE PERSONNEL        <div class=\"button\"><\/div>\n      <\/div>\n      <div class=\"wrap\">All information clear, on time and in one place. Forget about complicated formats and inaccurate measurements. The system generates purchase orders validated from the field for you to authorize them. You can even keep tracking until delivery is confirmed.<\/p>\n<p>Requisitions, shipping tracking &amp; more...<\/div>\n    <\/div>\n        <div class=\"accordion-item accordion-item-60515416c949a\">\n      <div class=\"top\">FOR YOUR CLIENTS        <div class=\"button\"><\/div>\n      <\/div>\n      <div class=\"wrap\">Make of transparency a powerful tool in your business. Grant permissions so that through a personalized account they can review the status of their project at any time. Trust will always be on your side.<\/p>\n<p>Advanced reports, share photos, documents &amp; more...<\/div>\n    <\/div>\n        <\/div>\n              <div class=\"button-container button-60383f6c0bf8b left vc_custom_1615941385814\">\n        <a class=\"button-style1\" href=\"https:\/\/axenda.mx\/?ln=en#plans\" target=\"_blank\">\n                      <span class=\"d\"><span><\/span><\/span>\n                    <span>Begin free trial<\/span>\n        <\/a>\n      <\/div>\n        \n\t<div class=\"wpb_text_column wpb_content_element\" >\n\t\t<div class=\"wpb_wrapper\">\n\t\t\t<p><em><span style=\"font-size: 10pt;\">* We will get in touch with you during your free trial to advise you.<\/span><\/em><\/p>\n\n\t\t<\/div>\n\t<\/div>\n<\/div><\/div><\/div><\/div><div class=\"vc_row wpb_row vc_row-fluid vc_row-\"><div class=\"wpb_column vc_column_container vc_col-sm-12\"><div class=\"vc_column-inner\" style=\"  \"><div class=\"wpb_wrapper\"><div class=\"vc_empty_space\"   style=\"height: 30px\"><span class=\"vc_empty_space_inner\"><\/span><\/div><\/div><\/div><\/div><\/div><div class=\"vc_row wpb_row vc_row-fluid vc_custom_1616537426986 vc_row-60382fae02388 vc_row-has-fill vc_row-o-full-height vc_row-o-columns-middle vc_row-flex\"><div class=\"wpb_column vc_column_container vc_col-sm-8\"><div class=\"vc_column-inner vc_custom_1614369337891\" style=\"  \"><div class=\"wpb_wrapper\">\n\t<div  class=\"wpb_single_image wpb_content_element vc_align_right\">\n\t\t\n\t\t<figure class=\"wpb_wrapper vc_figure\">\n\t\t\t<div class=\"vc_single_image-wrapper   vc_box_border_grey\"><img decoding=\"async\" width=\"144\" height=\"145\" src=\"https:\/\/anigami.studio\/wp-content\/uploads\/2021\/03\/Reddtrack-logo0.png\" class=\"vc_single_image-img attachment-large\" alt=\"\" srcset=\"https:\/\/anigami.studio\/wp-content\/uploads\/2021\/03\/Reddtrack-logo0.png 144w, https:\/\/anigami.studio\/wp-content\/uploads\/2021\/03\/Reddtrack-logo0-12x12.png 12w\" sizes=\"(max-width: 144px) 100vw, 144px\" \/><\/div>\n\t\t<\/figure>\n\t<\/div>\n      <div class=\"heading-block heading-6051513987be0 tar h-h2\">\n                  <div class=\"sub-h\">SAFE AND RELIABLE GPS TRACKING<\/div>\n              <\/div>\n    \n\t<div class=\"wpb_text_column wpb_content_element\" >\n\t\t<div class=\"wpb_wrapper\">\n\t\t\t<p style=\"text-align: right;\">Reddtrack is the most reliable and safe GPS tracking platform. Ideal for logistics, transportation and construction. Know the exact location of your units in real time and receive SOS, speed limit, power cut and many more notifications. You can also get travel an positions reports anytime.<\/p>\n\n\t\t<\/div>\n\t<\/div>\n    <div class=\"accordion-block accordion-block-\">\n          <div class=\"accordion-item accordion-item-6051554f48784 current\">\n      <div class=\"top\">INTUITIVE PLATFORM        <div class=\"button\"><\/div>\n      <\/div>\n      <div class=\"wrap\" style=\"display: block;\">Years of experience in geolocation had led us to design a highly functional platform and easy to use.<\/p>\n<p>Responsive web, friendly UI &amp; mobile application for Android &amp; iOS...<\/div>\n    <\/div>\n        <div class=\"accordion-item accordion-item-6051556d2a02a\">\n      <div class=\"top\">MULTIPLE FUNCTIONS        <div class=\"button\"><\/div>\n      <\/div>\n      <div class=\"wrap\">The platform includes a variety of tools and functions such as: Geofences, multiple views, vehicle sharing, historical reports, realtime notifications &amp; more.<\/div>\n    <\/div>\n        <div class=\"accordion-item accordion-item-6051558b6ca7e\">\n      <div class=\"top\">DEVICE INSTALLATION        <div class=\"button\"><\/div>\n      <\/div>\n      <div class=\"wrap\">We can supply GPS devices for all type of vehicles as well as the experienced staff for the proper installation and setup.<\/div>\n    <\/div>\n        <\/div>\n              <div class=\"button-container button-6038496c368ff right vc_custom_1635148540449\">\n        <a class=\"button-style1\" href=\"\/en\/?subject=Demo%20Reddtrack#contact\" target=\"_self\">\n                      <span class=\"d\"><span><\/span><\/span>\n                    <span>Request demo<\/span>\n        <\/a>\n      <\/div>\n        <\/div><\/div><\/div><div class=\"vertical-adj wpb_column vc_column_container vc_col-sm-4 vc_col-has-fill\"><div class=\"vc_column-inner vc_custom_1624489807427\" style=\"background-position: center center !important;  \"><div class=\"wpb_wrapper\"><\/div><\/div><\/div><\/div><div class=\"vc_row wpb_row vc_row-fluid vc_row-\"><div class=\"wpb_column vc_column_container vc_col-sm-12\"><div class=\"vc_column-inner\" style=\"  \"><div class=\"wpb_wrapper\"><div class=\"vc_empty_space\"   style=\"height: 30px\"><span class=\"vc_empty_space_inner\"><\/span><\/div>      <div class=\"heading-block heading-6036f29c565ec tal h-h2\">\n                  <div class=\"sub-h\">Our Solutions<\/div>\n              <\/div>\n        <div class=\"services-area testimonials-items-6036872efc464\">\n      <div class=\"services-carousel\">\n            <div class=\"item services-area-603687425e5b5\">\n              <div class=\"num\"><span><\/span><\/div>\n            <div class=\"wrap\">\n                  <div class=\"h\">By Type<\/div>\n                  <div class=\"img\" style=\"background-image: url(https:\/\/anigami.studio\/wp-content\/uploads\/2021\/02\/portafolio-02-1024x638.jpg);\"><\/div>\n              <\/div>\n              <a href=\"https:\/\/anigami.studio\/en\/soluciones-tipo\/\" target=\"_self\"><\/a>\n          <\/div>\n        <div class=\"item services-area-60368ec7203bf\">\n              <div class=\"num\"><span><\/span><\/div>\n            <div class=\"wrap\">\n                  <div class=\"h\">By Industry<\/div>\n                  <div class=\"img\" style=\"background-image: url(https:\/\/anigami.studio\/wp-content\/uploads\/2021\/02\/geinn-1024x638.jpg);\"><\/div>\n              <\/div>\n              <a href=\"https:\/\/anigami.studio\/en\/soluciones-industria\/\" target=\"_self\"><\/a>\n          <\/div>\n        <div class=\"item services-area-60368f3a66f89\">\n              <div class=\"num\"><span><\/span><\/div>\n            <div class=\"wrap\">\n                  <div class=\"h\">Zoho Suite<\/div>\n                  <div class=\"img\" style=\"background-image: url(https:\/\/anigami.studio\/wp-content\/uploads\/2021\/02\/portafolio-01-1024x638.jpg);\"><\/div>\n              <\/div>\n              <a href=\"\/en\/soluciones-zoho\/\" target=\"_self\"><\/a>\n          <\/div>\n        <div class=\"item services-area-60368f7faff02\">\n              <div class=\"num\"><span><\/span><\/div>\n            <div class=\"wrap\">\n                  <div class=\"h\">Vertical Solutions<\/div>\n                  <div class=\"img\" style=\"background-image: url(https:\/\/anigami.studio\/wp-content\/uploads\/2021\/02\/banner-soluciones-vert-1-1024x433.jpg);\"><\/div>\n              <\/div>\n              <a href=\"\/en\/soluciones-verticales\/\" target=\"_self\"><\/a>\n          <\/div>\n          <\/div>\n          <\/div>\n    <\/div><\/div><\/div><\/div><div class=\"vc_row wpb_row vc_row-fluid vc_row-\"><div class=\"wpb_column vc_column_container vc_col-sm-12\"><div class=\"vc_column-inner\" style=\"  \"><div class=\"wpb_wrapper\"><div class=\"vc_empty_space\"   style=\"height: 100px\"><span class=\"vc_empty_space_inner\"><\/span><\/div><\/div><\/div><\/div><\/div>","protected":false},"excerpt":{"rendered":"fbFacebooktwTwitterinInstagramliLinkedInwaWhatsapp Soluciones Verticales Soluciones para empresas que demandan servicios especializados. Contratar servicio Soluciones Verticales PLATAFORMA INTELIGENTE PARA LA GESTI\u00d3N DE LA CONSTRUCCI\u00d3N Dise\u00f1ada para ayudar a las empresas que desean controlar eficientemente la administraci\u00f3n de sus proyectos. Gracias al respaldo de la Inteligencia Artificial el sistema calcula \"autom\u00e1gicamente\" los tiempos de entrega, registros de avance, [...]","protected":false},"author":1,"featured_media":0,"parent":0,"menu_order":0,"comment_status":"closed","ping_status":"closed","template":"template-landing.php","meta":{"_acf_changed":false,"footnotes":""},"class_list":["post-1842","page","type-page","status-publish","hentry"],"acf":[],"yoast_head":"<!-- This site is optimized with the Yoast SEO plugin v25.4 - https:\/\/yoast.com\/wordpress\/plugins\/seo\/ -->\n<title>Soluciones-verticales | ANIGAMI Studio<\/title>\n<meta name=\"robots\" content=\"index, follow, max-snippet:-1, max-image-preview:large, max-video-preview:-1\" \/>\n<link rel=\"canonical\" href=\"https:\/\/anigami.studio\/en\/soluciones-verticales\/\" \/>\n<meta property=\"og:locale\" content=\"en_US\" \/>\n<meta property=\"og:type\" content=\"article\" \/>\n<meta property=\"og:title\" content=\"Soluciones-verticales | ANIGAMI Studio\" \/>\n<meta property=\"og:url\" content=\"https:\/\/anigami.studio\/en\/soluciones-verticales\/\" \/>\n<meta property=\"og:site_name\" content=\"ANIGAMI Studio\" \/>\n<meta property=\"article:publisher\" content=\"https:\/\/www.facebook.com\/ignuscorp\" \/>\n<meta property=\"article:modified_time\" content=\"2025-03-31T23:27:53+00:00\" \/>\n<meta property=\"og:image\" content=\"https:\/\/anigami.studio\/wp-content\/uploads\/2025\/07\/cropped-anigami_studio_imago-1.png\" \/>\n\t<meta property=\"og:image:width\" content=\"512\" \/>\n\t<meta property=\"og:image:height\" content=\"512\" \/>\n\t<meta property=\"og:image:type\" content=\"image\/png\" \/>\n<meta name=\"twitter:card\" content=\"summary_large_image\" \/>\n<meta name=\"twitter:site\" content=\"@ignuscorp\" \/>\n<script type=\"application\/ld+json\" class=\"yoast-schema-graph\">{\"@context\":\"https:\/\/schema.org\",\"@graph\":[{\"@type\":\"WebPage\",\"@id\":\"https:\/\/anigami.studio\/en\/soluciones-verticales\/\",\"url\":\"https:\/\/anigami.studio\/en\/soluciones-verticales\/\",\"name\":\"Soluciones-verticales | ANIGAMI Studio\",\"isPartOf\":{\"@id\":\"https:\/\/anigami.studio\/#website\"},\"datePublished\":\"2021-02-25T17:38:12+00:00\",\"dateModified\":\"2025-03-31T23:27:53+00:00\",\"breadcrumb\":{\"@id\":\"https:\/\/anigami.studio\/en\/soluciones-verticales\/#breadcrumb\"},\"inLanguage\":\"en-US\",\"potentialAction\":[{\"@type\":\"ReadAction\",\"target\":[\"https:\/\/anigami.studio\/en\/soluciones-verticales\/\"]}]},{\"@type\":\"BreadcrumbList\",\"@id\":\"https:\/\/anigami.studio\/en\/soluciones-verticales\/#breadcrumb\",\"itemListElement\":[{\"@type\":\"ListItem\",\"position\":1,\"name\":\"Home\",\"item\":\"https:\/\/anigami.studio\/\"},{\"@type\":\"ListItem\",\"position\":2,\"name\":\"Soluciones-verticales\"}]},{\"@type\":\"WebSite\",\"@id\":\"https:\/\/anigami.studio\/#website\",\"url\":\"https:\/\/anigami.studio\/\",\"name\":\"ANIGAMI Studio\",\"description\":\"ANIGAMI Studio is your on-demand Software Agency and Zoho Partner\",\"publisher\":{\"@id\":\"https:\/\/anigami.studio\/#organization\"},\"potentialAction\":[{\"@type\":\"SearchAction\",\"target\":{\"@type\":\"EntryPoint\",\"urlTemplate\":\"https:\/\/anigami.studio\/?s={search_term_string}\"},\"query-input\":{\"@type\":\"PropertyValueSpecification\",\"valueRequired\":true,\"valueName\":\"search_term_string\"}}],\"inLanguage\":\"en-US\"},{\"@type\":\"Organization\",\"@id\":\"https:\/\/anigami.studio\/#organization\",\"name\":\"ANIGAMI Studio\",\"url\":\"https:\/\/anigami.studio\/\",\"logo\":{\"@type\":\"ImageObject\",\"inLanguage\":\"en-US\",\"@id\":\"https:\/\/anigami.studio\/#\/schema\/logo\/image\/\",\"url\":\"https:\/\/anigami.studio\/wp-content\/uploads\/2025\/07\/cropped-anigami_studio_imago-1.png\",\"contentUrl\":\"https:\/\/anigami.studio\/wp-content\/uploads\/2025\/07\/cropped-anigami_studio_imago-1.png\",\"width\":512,\"height\":512,\"caption\":\"ANIGAMI Studio\"},\"image\":{\"@id\":\"https:\/\/anigami.studio\/#\/schema\/logo\/image\/\"},\"sameAs\":[\"https:\/\/www.facebook.com\/ignuscorp\",\"https:\/\/x.com\/ignuscorp\",\"https:\/\/www.instagram.com\/ignuscorp\",\"https:\/\/www.linkedin.com\/company\/ignuscorp\"]}]}<\/script>\n<!-- \/ Yoast SEO plugin. -->","yoast_head_json":{"title":"Soluciones-verticales | ANIGAMI Studio","robots":{"index":"index","follow":"follow","max-snippet":"max-snippet:-1","max-image-preview":"max-image-preview:large","max-video-preview":"max-video-preview:-1"},"canonical":"https:\/\/anigami.studio\/en\/soluciones-verticales\/","og_locale":"en_US","og_type":"article","og_title":"Soluciones-verticales | ANIGAMI Studio","og_url":"https:\/\/anigami.studio\/en\/soluciones-verticales\/","og_site_name":"ANIGAMI Studio","article_publisher":"https:\/\/www.facebook.com\/ignuscorp","article_modified_time":"2025-03-31T23:27:53+00:00","og_image":[{"width":512,"height":512,"url":"https:\/\/anigami.studio\/wp-content\/uploads\/2025\/07\/cropped-anigami_studio_imago-1.png","type":"image\/png"}],"twitter_card":"summary_large_image","twitter_site":"@ignuscorp","schema":{"@context":"https:\/\/schema.org","@graph":[{"@type":"WebPage","@id":"https:\/\/anigami.studio\/en\/soluciones-verticales\/","url":"https:\/\/anigami.studio\/en\/soluciones-verticales\/","name":"Soluciones-verticales | ANIGAMI Studio","isPartOf":{"@id":"https:\/\/anigami.studio\/#website"},"datePublished":"2021-02-25T17:38:12+00:00","dateModified":"2025-03-31T23:27:53+00:00","breadcrumb":{"@id":"https:\/\/anigami.studio\/en\/soluciones-verticales\/#breadcrumb"},"inLanguage":"en-US","potentialAction":[{"@type":"ReadAction","target":["https:\/\/anigami.studio\/en\/soluciones-verticales\/"]}]},{"@type":"BreadcrumbList","@id":"https:\/\/anigami.studio\/en\/soluciones-verticales\/#breadcrumb","itemListElement":[{"@type":"ListItem","position":1,"name":"Home","item":"https:\/\/anigami.studio\/"},{"@type":"ListItem","position":2,"name":"Soluciones-verticales"}]},{"@type":"WebSite","@id":"https:\/\/anigami.studio\/#website","url":"https:\/\/anigami.studio\/","name":"ANIGAMI Studio","description":"ANIGAMI Studio is your on-demand Software Agency and Zoho Partner","publisher":{"@id":"https:\/\/anigami.studio\/#organization"},"potentialAction":[{"@type":"SearchAction","target":{"@type":"EntryPoint","urlTemplate":"https:\/\/anigami.studio\/?s={search_term_string}"},"query-input":{"@type":"PropertyValueSpecification","valueRequired":true,"valueName":"search_term_string"}}],"inLanguage":"en-US"},{"@type":"Organization","@id":"https:\/\/anigami.studio\/#organization","name":"ANIGAMI Studio","url":"https:\/\/anigami.studio\/","logo":{"@type":"ImageObject","inLanguage":"en-US","@id":"https:\/\/anigami.studio\/#\/schema\/logo\/image\/","url":"https:\/\/anigami.studio\/wp-content\/uploads\/2025\/07\/cropped-anigami_studio_imago-1.png","contentUrl":"https:\/\/anigami.studio\/wp-content\/uploads\/2025\/07\/cropped-anigami_studio_imago-1.png","width":512,"height":512,"caption":"ANIGAMI Studio"},"image":{"@id":"https:\/\/anigami.studio\/#\/schema\/logo\/image\/"},"sameAs":["https:\/\/www.facebook.com\/ignuscorp","https:\/\/x.com\/ignuscorp","https:\/\/www.instagram.com\/ignuscorp","https:\/\/www.linkedin.com\/company\/ignuscorp"]}]}},"_links":{"self":[{"href":"https:\/\/anigami.studio\/en\/wp-json\/wp\/v2\/pages\/1842","targetHints":{"allow":["GET"]}}],"collection":[{"href":"https:\/\/anigami.studio\/en\/wp-json\/wp\/v2\/pages"}],"about":[{"href":"https:\/\/anigami.studio\/en\/wp-json\/wp\/v2\/types\/page"}],"author":[{"embeddable":true,"href":"https:\/\/anigami.studio\/en\/wp-json\/wp\/v2\/users\/1"}],"replies":[{"embeddable":true,"href":"https:\/\/anigami.studio\/en\/wp-json\/wp\/v2\/comments?post=1842"}],"version-history":[{"count":0,"href":"https:\/\/anigami.studio\/en\/wp-json\/wp\/v2\/pages\/1842\/revisions"}],"wp:attachment":[{"href":"https:\/\/anigami.studio\/en\/wp-json\/wp\/v2\/media?parent=1842"}],"curies":[{"name":"wp","href":"https:\/\/api.w.org\/{rel}","templated":true}]}}